{"id":2805,"date":"2025-09-15T13:25:49","date_gmt":"2025-09-15T17:25:49","guid":{"rendered":"https:\/\/simbooth.com\/?post_type=product&#038;p=2805"},"modified":"2026-03-02T15:10:57","modified_gmt":"2026-03-02T20:10:57","slug":"boitier-projecteur","status":"publish","type":"product","link":"https:\/\/simbooth.com\/fr\/produit\/boitier-projecteur\/","title":{"rendered":"Bo\u00eetier pour projecteur"},"content":{"rendered":"<h1><span style=\"font-size: 16px;\"><span style=\"font-weight: 400;\">Nos bo\u00eetiers de s\u00e9curit\u00e9 pour projecteurs assurent la s\u00e9curit\u00e9 de votre projecteur sans nuire \u00e0 votre \u00e9lan \u2014 pour que vous puissiez vous concentrer sur votre jeu, l\u2019esprit tranquille.<\/span><\/span><\/h1>\n<h1><span style=\"font-size: 16px;\"><b>Jouez \u00e0 fond. On s\u2019occupe de votre projecteur.<\/b><\/span><\/h1>\n<p>&nbsp;<\/p>\n<p><span style=\"font-weight: 400;\">Compatible avec les mod\u00e8les de projecteur suivant :\u00a0<\/span><\/p>\n<ul>\n<li><span style=\"font-weight: 400;\">BenQ LH600ST<\/span><\/li>\n<li><span style=\"font-weight: 400;\">BenQ LH600ST+<\/span><\/li>\n<li><span style=\"font-weight: 400;\">BenQ AH30ST<\/span><\/li>\n<li><span style=\"font-weight: 400;\">BenQ AK700ST<\/span><\/li>\n<\/ul>\n","protected":false},"excerpt":{"rendered":"<h1><span style=\"font-size: 24px;\"><span style=\"font-weight: 400;\">Nos bo\u00eetiers de s\u00e9curit\u00e9 pour projecteurs assurent la s\u00e9curit\u00e9 de votre projecteur sans nuire \u00e0 votre \u00e9lan \u2014 pour que vous puissiez vous concentrer sur votre jeu, l\u2019esprit tranquille.<\/span><\/span><\/h1>\n<h1><span style=\"font-size: 21px;\"><b>Jouez \u00e0 fond. On s\u2019occupe de votre projecteur.<\/b><\/span><\/h1>\n<p>&nbsp;<\/p>\n<p><span style=\"font-weight: 400; font-size: 21px;\">Compatible avec les mod\u00e8les de projecteur suivant :\u00a0<\/span><\/p>\n<ul>\n<li><span style=\"font-weight: 400; font-size: 21px;\">BenQ LH600ST<\/span><\/li>\n<li><span style=\"font-weight: 400; font-size: 21px;\">BenQ LH600ST+<\/span><\/li>\n<li><span style=\"font-weight: 400; font-size: 21px;\">BenQ AH30ST<\/span><\/li>\n<li><span style=\"font-weight: 400; font-size: 21px;\">BenQ AK700ST<\/span><\/li>\n<\/ul>\n","protected":false},"featured_media":2885,"comment_status":"open","ping_status":"closed","template":"","meta":{"_acf_changed":false},"product_brand":[],"product_cat":[198],"product_tag":[],"class_list":{"0":"post-2805","1":"product","2":"type-product","3":"status-publish","4":"has-post-thumbnail","6":"product_cat-pieces","7":"product_shipping_class-produits","9":"first","10":"instock","11":"taxable","12":"shipping-taxable","13":"purchasable","14":"product-type-simple"},"acf":[],"yoast_head":"<!-- This site is optimized with the Yoast SEO plugin v27.5 - https:\/\/yoast.com\/product\/yoast-seo-wordpress\/ -->\n<title>Bo\u00eetier pour projecteur - SimBooth<\/title>\n<meta name=\"description\" content=\"Prot\u00e9gez et s\u00e9curisez votre projecteur avec notre bo\u00eetier sur mesure. Installation facile, alignement pr\u00e9cis et design \u00e9l\u00e9gant pour le golf int\u00e9rieur.\" \/>\n<meta name=\"robots\" content=\"index, follow, max-snippet:-1, max-image-preview:large, max-video-preview:-1\" \/>\n<link rel=\"canonical\" href=\"https:\/\/simbooth.com\/fr\/produit\/boitier-projecteur\/\" \/>\n<meta property=\"og:locale\" content=\"fr_FR\" \/>\n<meta property=\"og:type\" content=\"article\" \/>\n<meta property=\"og:title\" content=\"Bo\u00eetier pour projecteur - SimBooth\" \/>\n<meta property=\"og:description\" content=\"Prot\u00e9gez et s\u00e9curisez votre projecteur avec notre bo\u00eetier sur mesure. Installation facile, alignement pr\u00e9cis et design \u00e9l\u00e9gant pour le golf int\u00e9rieur.\" \/>\n<meta property=\"og:url\" content=\"https:\/\/simbooth.com\/fr\/produit\/boitier-projecteur\/\" \/>\n<meta property=\"og:site_name\" content=\"SimBooth\" \/>\n<meta property=\"article:modified_time\" content=\"2026-03-02T20:10:57+00:00\" \/>\n<meta property=\"og:image\" content=\"https:\/\/simbooth.com\/wp-content\/uploads\/2025\/09\/Projector-Enclosure-2.png\" \/>\n\t<meta property=\"og:image:width\" content=\"1200\" \/>\n\t<meta property=\"og:image:height\" content=\"900\" \/>\n\t<meta property=\"og:image:type\" content=\"image\/png\" \/>\n<meta name=\"twitter:card\" content=\"summary_large_image\" \/>\n<meta name=\"twitter:label1\" content=\"Dur\u00e9e de lecture estim\u00e9e\" \/>\n\t<meta name=\"twitter:data1\" content=\"1 minute\" \/>\n<script type=\"application\/ld+json\" class=\"yoast-schema-graph\">{\"@context\":\"https:\\\/\\\/schema.org\",\"@graph\":[{\"@type\":\"WebPage\",\"@id\":\"https:\\\/\\\/simbooth.com\\\/fr\\\/produit\\\/boitier-projecteur\\\/\",\"url\":\"https:\\\/\\\/simbooth.com\\\/fr\\\/produit\\\/boitier-projecteur\\\/\",\"name\":\"Bo\u00eetier pour projecteur - SimBooth\",\"isPartOf\":{\"@id\":\"https:\\\/\\\/simbooth.com\\\/fr\\\/#website\"},\"primaryImageOfPage\":{\"@id\":\"https:\\\/\\\/simbooth.com\\\/fr\\\/produit\\\/boitier-projecteur\\\/#primaryimage\"},\"image\":{\"@id\":\"https:\\\/\\\/simbooth.com\\\/fr\\\/produit\\\/boitier-projecteur\\\/#primaryimage\"},\"thumbnailUrl\":\"https:\\\/\\\/simbooth.com\\\/wp-content\\\/uploads\\\/2025\\\/09\\\/Projector-Enclosure-2.png\",\"datePublished\":\"2025-09-15T17:25:49+00:00\",\"dateModified\":\"2026-03-02T20:10:57+00:00\",\"description\":\"Prot\u00e9gez et s\u00e9curisez votre projecteur avec notre bo\u00eetier sur mesure. Installation facile, alignement pr\u00e9cis et design \u00e9l\u00e9gant pour le golf int\u00e9rieur.\",\"breadcrumb\":{\"@id\":\"https:\\\/\\\/simbooth.com\\\/fr\\\/produit\\\/boitier-projecteur\\\/#breadcrumb\"},\"inLanguage\":\"fr-FR\",\"potentialAction\":[{\"@type\":\"ReadAction\",\"target\":[\"https:\\\/\\\/simbooth.com\\\/fr\\\/produit\\\/boitier-projecteur\\\/\"]}]},{\"@type\":\"ImageObject\",\"inLanguage\":\"fr-FR\",\"@id\":\"https:\\\/\\\/simbooth.com\\\/fr\\\/produit\\\/boitier-projecteur\\\/#primaryimage\",\"url\":\"https:\\\/\\\/simbooth.com\\\/wp-content\\\/uploads\\\/2025\\\/09\\\/Projector-Enclosure-2.png\",\"contentUrl\":\"https:\\\/\\\/simbooth.com\\\/wp-content\\\/uploads\\\/2025\\\/09\\\/Projector-Enclosure-2.png\",\"width\":1200,\"height\":900},{\"@type\":\"BreadcrumbList\",\"@id\":\"https:\\\/\\\/simbooth.com\\\/fr\\\/produit\\\/boitier-projecteur\\\/#breadcrumb\",\"itemListElement\":[{\"@type\":\"ListItem\",\"position\":1,\"name\":\"Home\",\"item\":\"https:\\\/\\\/simbooth.com\\\/fr\\\/\"},{\"@type\":\"ListItem\",\"position\":2,\"name\":\"Boutique\",\"item\":\"https:\\\/\\\/simbooth.com\\\/fr\\\/boutique\\\/\"},{\"@type\":\"ListItem\",\"position\":3,\"name\":\"Bo\u00eetier pour projecteur\"}]},{\"@type\":\"WebSite\",\"@id\":\"https:\\\/\\\/simbooth.com\\\/fr\\\/#website\",\"url\":\"https:\\\/\\\/simbooth.com\\\/fr\\\/\",\"name\":\"SimBooth\",\"description\":\"\",\"publisher\":{\"@id\":\"https:\\\/\\\/simbooth.com\\\/fr\\\/#organization\"},\"potentialAction\":[{\"@type\":\"SearchAction\",\"target\":{\"@type\":\"EntryPoint\",\"urlTemplate\":\"https:\\\/\\\/simbooth.com\\\/fr\\\/?s={search_term_string}\"},\"query-input\":{\"@type\":\"PropertyValueSpecification\",\"valueRequired\":true,\"valueName\":\"search_term_string\"}}],\"inLanguage\":\"fr-FR\"},{\"@type\":\"Organization\",\"@id\":\"https:\\\/\\\/simbooth.com\\\/fr\\\/#organization\",\"name\":\"SimBooth\",\"url\":\"https:\\\/\\\/simbooth.com\\\/fr\\\/\",\"logo\":{\"@type\":\"ImageObject\",\"inLanguage\":\"fr-FR\",\"@id\":\"https:\\\/\\\/simbooth.com\\\/fr\\\/#\\\/schema\\\/logo\\\/image\\\/\",\"url\":\"https:\\\/\\\/simbooth.com\\\/wp-content\\\/uploads\\\/2020\\\/10\\\/cropped-icon.png\",\"contentUrl\":\"https:\\\/\\\/simbooth.com\\\/wp-content\\\/uploads\\\/2020\\\/10\\\/cropped-icon.png\",\"width\":512,\"height\":512,\"caption\":\"SimBooth\"},\"image\":{\"@id\":\"https:\\\/\\\/simbooth.com\\\/fr\\\/#\\\/schema\\\/logo\\\/image\\\/\"}}]}<\/script>\n<!-- \/ Yoast SEO plugin. -->","yoast_head_json":{"title":"Bo\u00eetier pour projecteur - SimBooth","description":"Prot\u00e9gez et s\u00e9curisez votre projecteur avec notre bo\u00eetier sur mesure. Installation facile, alignement pr\u00e9cis et design \u00e9l\u00e9gant pour le golf int\u00e9rieur.","robots":{"index":"index","follow":"follow","max-snippet":"max-snippet:-1","max-image-preview":"max-image-preview:large","max-video-preview":"max-video-preview:-1"},"canonical":"https:\/\/simbooth.com\/fr\/produit\/boitier-projecteur\/","og_locale":"fr_FR","og_type":"article","og_title":"Bo\u00eetier pour projecteur - SimBooth","og_description":"Prot\u00e9gez et s\u00e9curisez votre projecteur avec notre bo\u00eetier sur mesure. Installation facile, alignement pr\u00e9cis et design \u00e9l\u00e9gant pour le golf int\u00e9rieur.","og_url":"https:\/\/simbooth.com\/fr\/produit\/boitier-projecteur\/","og_site_name":"SimBooth","article_modified_time":"2026-03-02T20:10:57+00:00","og_image":[{"width":1200,"height":900,"url":"https:\/\/simbooth.com\/wp-content\/uploads\/2025\/09\/Projector-Enclosure-2.png","type":"image\/png"}],"twitter_card":"summary_large_image","twitter_misc":{"Dur\u00e9e de lecture estim\u00e9e":"1 minute"},"schema":{"@context":"https:\/\/schema.org","@graph":[{"@type":"WebPage","@id":"https:\/\/simbooth.com\/fr\/produit\/boitier-projecteur\/","url":"https:\/\/simbooth.com\/fr\/produit\/boitier-projecteur\/","name":"Bo\u00eetier pour projecteur - SimBooth","isPartOf":{"@id":"https:\/\/simbooth.com\/fr\/#website"},"primaryImageOfPage":{"@id":"https:\/\/simbooth.com\/fr\/produit\/boitier-projecteur\/#primaryimage"},"image":{"@id":"https:\/\/simbooth.com\/fr\/produit\/boitier-projecteur\/#primaryimage"},"thumbnailUrl":"https:\/\/simbooth.com\/wp-content\/uploads\/2025\/09\/Projector-Enclosure-2.png","datePublished":"2025-09-15T17:25:49+00:00","dateModified":"2026-03-02T20:10:57+00:00","description":"Prot\u00e9gez et s\u00e9curisez votre projecteur avec notre bo\u00eetier sur mesure. Installation facile, alignement pr\u00e9cis et design \u00e9l\u00e9gant pour le golf int\u00e9rieur.","breadcrumb":{"@id":"https:\/\/simbooth.com\/fr\/produit\/boitier-projecteur\/#breadcrumb"},"inLanguage":"fr-FR","potentialAction":[{"@type":"ReadAction","target":["https:\/\/simbooth.com\/fr\/produit\/boitier-projecteur\/"]}]},{"@type":"ImageObject","inLanguage":"fr-FR","@id":"https:\/\/simbooth.com\/fr\/produit\/boitier-projecteur\/#primaryimage","url":"https:\/\/simbooth.com\/wp-content\/uploads\/2025\/09\/Projector-Enclosure-2.png","contentUrl":"https:\/\/simbooth.com\/wp-content\/uploads\/2025\/09\/Projector-Enclosure-2.png","width":1200,"height":900},{"@type":"BreadcrumbList","@id":"https:\/\/simbooth.com\/fr\/produit\/boitier-projecteur\/#breadcrumb","itemListElement":[{"@type":"ListItem","position":1,"name":"Home","item":"https:\/\/simbooth.com\/fr\/"},{"@type":"ListItem","position":2,"name":"Boutique","item":"https:\/\/simbooth.com\/fr\/boutique\/"},{"@type":"ListItem","position":3,"name":"Bo\u00eetier pour projecteur"}]},{"@type":"WebSite","@id":"https:\/\/simbooth.com\/fr\/#website","url":"https:\/\/simbooth.com\/fr\/","name":"SimBooth","description":"","publisher":{"@id":"https:\/\/simbooth.com\/fr\/#organization"},"potentialAction":[{"@type":"SearchAction","target":{"@type":"EntryPoint","urlTemplate":"https:\/\/simbooth.com\/fr\/?s={search_term_string}"},"query-input":{"@type":"PropertyValueSpecification","valueRequired":true,"valueName":"search_term_string"}}],"inLanguage":"fr-FR"},{"@type":"Organization","@id":"https:\/\/simbooth.com\/fr\/#organization","name":"SimBooth","url":"https:\/\/simbooth.com\/fr\/","logo":{"@type":"ImageObject","inLanguage":"fr-FR","@id":"https:\/\/simbooth.com\/fr\/#\/schema\/logo\/image\/","url":"https:\/\/simbooth.com\/wp-content\/uploads\/2020\/10\/cropped-icon.png","contentUrl":"https:\/\/simbooth.com\/wp-content\/uploads\/2020\/10\/cropped-icon.png","width":512,"height":512,"caption":"SimBooth"},"image":{"@id":"https:\/\/simbooth.com\/fr\/#\/schema\/logo\/image\/"}}]}},"_links":{"self":[{"href":"https:\/\/simbooth.com\/fr\/wp-json\/wp\/v2\/product\/2805","targetHints":{"allow":["GET"]}}],"collection":[{"href":"https:\/\/simbooth.com\/fr\/wp-json\/wp\/v2\/product"}],"about":[{"href":"https:\/\/simbooth.com\/fr\/wp-json\/wp\/v2\/types\/product"}],"replies":[{"embeddable":true,"href":"https:\/\/simbooth.com\/fr\/wp-json\/wp\/v2\/comments?post=2805"}],"wp:featuredmedia":[{"embeddable":true,"href":"https:\/\/simbooth.com\/fr\/wp-json\/wp\/v2\/media\/2885"}],"wp:attachment":[{"href":"https:\/\/simbooth.com\/fr\/wp-json\/wp\/v2\/media?parent=2805"}],"wp:term":[{"taxonomy":"product_brand","embeddable":true,"href":"https:\/\/simbooth.com\/fr\/wp-json\/wp\/v2\/product_brand?post=2805"},{"taxonomy":"product_cat","embeddable":true,"href":"https:\/\/simbooth.com\/fr\/wp-json\/wp\/v2\/product_cat?post=2805"},{"taxonomy":"product_tag","embeddable":true,"href":"https:\/\/simbooth.com\/fr\/wp-json\/wp\/v2\/product_tag?post=2805"}],"curies":[{"name":"wp","href":"https:\/\/api.w.org\/{rel}","templated":true}]}}