{"id":2420,"date":"2021-01-13T15:44:49","date_gmt":"2021-01-13T20:44:49","guid":{"rendered":"https:\/\/simbooth.com\/product\/toile-de-projection-ecran\/"},"modified":"2026-03-02T15:45:28","modified_gmt":"2026-03-02T20:45:28","slug":"toile-de-projection-ecran","status":"publish","type":"product","link":"https:\/\/simbooth.com\/fr\/produit\/toile-de-projection-ecran\/","title":{"rendered":"TOILE DE PROJECTION (\u00c9CRAN)"},"content":{"rendered":"","protected":false},"excerpt":{"rendered":"<p>Notre \u00e9cran de projection (toile) blanc SimBooth est fabriqu\u00e9 \u00e0 partir d\u2019un mat\u00e9riau de qualit\u00e9 commerciale haut de gamme, con\u00e7u pour r\u00e9sister aux frappes puissantes tout en offrant une image nette et claire pour votre simulateur de golf.<\/p>\n<p><span style=\"text-decoration: underline;\">Dimensions<\/span><\/p>\n<ul>\n<li>SimBooth 1 : 94\u201d x 132\u201d<\/li>\n<li>SimBooth 2 : 105\u201d x 148\u201d<\/li>\n<li>SimBooth 3 : 118\u201d x 168\u201d<\/li>\n<li>SimBooth 4 : 125\u201d x 198\u201d<\/li>\n<\/ul>\n","protected":false},"featured_media":1986,"comment_status":"closed","ping_status":"closed","template":"","meta":{"_acf_changed":false},"product_brand":[],"product_cat":[198],"product_tag":[],"class_list":{"0":"post-2420","1":"product","2":"type-product","3":"status-publish","4":"has-post-thumbnail","6":"product_cat-pieces","7":"product_shipping_class-produits","9":"first","10":"instock","11":"taxable","12":"shipping-taxable","13":"purchasable","14":"product-type-variable"},"acf":[],"yoast_head":"<!-- This site is optimized with the Yoast SEO plugin v27.5 - https:\/\/yoast.com\/product\/yoast-seo-wordpress\/ -->\n<title>TOILE DE PROJECTION (\u00c9CRAN) - SimBooth<\/title>\n<meta name=\"robots\" content=\"index, follow, max-snippet:-1, max-image-preview:large, max-video-preview:-1\" \/>\n<link rel=\"canonical\" href=\"https:\/\/simbooth.com\/fr\/produit\/toile-de-projection-ecran\/\" \/>\n<meta property=\"og:locale\" content=\"fr_FR\" \/>\n<meta property=\"og:type\" content=\"article\" \/>\n<meta property=\"og:title\" content=\"TOILE DE PROJECTION (\u00c9CRAN) - SimBooth\" \/>\n<meta property=\"og:description\" content=\"Notre \u00e9cran de projection (toile) blanc SimBooth est fabriqu\u00e9 \u00e0 partir d\u2019un mat\u00e9riau de qualit\u00e9 commerciale haut de gamme, con\u00e7u pour r\u00e9sister aux frappes puissantes tout en offrant une image nette et claire pour votre simulateur de golf. Dimensions   SimBooth 1 : 94\u201d x 132\u201d  SimBooth 2 : 105\u201d x 148\u201d  SimBooth 3 : 118\u201d x 168\u201d  SimBooth 4 : 125\u201d x 198\u201d\" \/>\n<meta property=\"og:url\" content=\"https:\/\/simbooth.com\/fr\/produit\/toile-de-projection-ecran\/\" \/>\n<meta property=\"og:site_name\" content=\"SimBooth\" \/>\n<meta property=\"article:modified_time\" content=\"2026-03-02T20:45:28+00:00\" \/>\n<meta property=\"og:image\" content=\"https:\/\/simbooth.com\/wp-content\/uploads\/2021\/01\/Toile-Blanche_large.png\" \/>\n\t<meta property=\"og:image:width\" content=\"480\" \/>\n\t<meta property=\"og:image:height\" content=\"463\" \/>\n\t<meta property=\"og:image:type\" content=\"image\/png\" \/>\n<meta name=\"twitter:card\" content=\"summary_large_image\" \/>\n<meta name=\"twitter:label1\" content=\"Dur\u00e9e de lecture estim\u00e9e\" \/>\n\t<meta name=\"twitter:data1\" content=\"1 minute\" \/>\n<script type=\"application\/ld+json\" class=\"yoast-schema-graph\">{\"@context\":\"https:\\\/\\\/schema.org\",\"@graph\":[{\"@type\":\"WebPage\",\"@id\":\"https:\\\/\\\/simbooth.com\\\/fr\\\/produit\\\/toile-de-projection-ecran\\\/\",\"url\":\"https:\\\/\\\/simbooth.com\\\/fr\\\/produit\\\/toile-de-projection-ecran\\\/\",\"name\":\"TOILE DE PROJECTION (\u00c9CRAN) - SimBooth\",\"isPartOf\":{\"@id\":\"https:\\\/\\\/simbooth.com\\\/fr\\\/#website\"},\"primaryImageOfPage\":{\"@id\":\"https:\\\/\\\/simbooth.com\\\/fr\\\/produit\\\/toile-de-projection-ecran\\\/#primaryimage\"},\"image\":{\"@id\":\"https:\\\/\\\/simbooth.com\\\/fr\\\/produit\\\/toile-de-projection-ecran\\\/#primaryimage\"},\"thumbnailUrl\":\"https:\\\/\\\/simbooth.com\\\/wp-content\\\/uploads\\\/2021\\\/01\\\/Toile-Blanche_large.png\",\"datePublished\":\"2021-01-13T20:44:49+00:00\",\"dateModified\":\"2026-03-02T20:45:28+00:00\",\"breadcrumb\":{\"@id\":\"https:\\\/\\\/simbooth.com\\\/fr\\\/produit\\\/toile-de-projection-ecran\\\/#breadcrumb\"},\"inLanguage\":\"fr-FR\",\"potentialAction\":[{\"@type\":\"ReadAction\",\"target\":[\"https:\\\/\\\/simbooth.com\\\/fr\\\/produit\\\/toile-de-projection-ecran\\\/\"]}]},{\"@type\":\"ImageObject\",\"inLanguage\":\"fr-FR\",\"@id\":\"https:\\\/\\\/simbooth.com\\\/fr\\\/produit\\\/toile-de-projection-ecran\\\/#primaryimage\",\"url\":\"https:\\\/\\\/simbooth.com\\\/wp-content\\\/uploads\\\/2021\\\/01\\\/Toile-Blanche_large.png\",\"contentUrl\":\"https:\\\/\\\/simbooth.com\\\/wp-content\\\/uploads\\\/2021\\\/01\\\/Toile-Blanche_large.png\",\"width\":480,\"height\":463},{\"@type\":\"BreadcrumbList\",\"@id\":\"https:\\\/\\\/simbooth.com\\\/fr\\\/produit\\\/toile-de-projection-ecran\\\/#breadcrumb\",\"itemListElement\":[{\"@type\":\"ListItem\",\"position\":1,\"name\":\"Home\",\"item\":\"https:\\\/\\\/simbooth.com\\\/fr\\\/\"},{\"@type\":\"ListItem\",\"position\":2,\"name\":\"Boutique\",\"item\":\"https:\\\/\\\/simbooth.com\\\/fr\\\/boutique\\\/\"},{\"@type\":\"ListItem\",\"position\":3,\"name\":\"TOILE DE PROJECTION (\u00c9CRAN)\"}]},{\"@type\":\"WebSite\",\"@id\":\"https:\\\/\\\/simbooth.com\\\/fr\\\/#website\",\"url\":\"https:\\\/\\\/simbooth.com\\\/fr\\\/\",\"name\":\"SimBooth\",\"description\":\"\",\"publisher\":{\"@id\":\"https:\\\/\\\/simbooth.com\\\/fr\\\/#organization\"},\"potentialAction\":[{\"@type\":\"SearchAction\",\"target\":{\"@type\":\"EntryPoint\",\"urlTemplate\":\"https:\\\/\\\/simbooth.com\\\/fr\\\/?s={search_term_string}\"},\"query-input\":{\"@type\":\"PropertyValueSpecification\",\"valueRequired\":true,\"valueName\":\"search_term_string\"}}],\"inLanguage\":\"fr-FR\"},{\"@type\":\"Organization\",\"@id\":\"https:\\\/\\\/simbooth.com\\\/fr\\\/#organization\",\"name\":\"SimBooth\",\"url\":\"https:\\\/\\\/simbooth.com\\\/fr\\\/\",\"logo\":{\"@type\":\"ImageObject\",\"inLanguage\":\"fr-FR\",\"@id\":\"https:\\\/\\\/simbooth.com\\\/fr\\\/#\\\/schema\\\/logo\\\/image\\\/\",\"url\":\"https:\\\/\\\/simbooth.com\\\/wp-content\\\/uploads\\\/2020\\\/10\\\/cropped-icon.png\",\"contentUrl\":\"https:\\\/\\\/simbooth.com\\\/wp-content\\\/uploads\\\/2020\\\/10\\\/cropped-icon.png\",\"width\":512,\"height\":512,\"caption\":\"SimBooth\"},\"image\":{\"@id\":\"https:\\\/\\\/simbooth.com\\\/fr\\\/#\\\/schema\\\/logo\\\/image\\\/\"}}]}<\/script>\n<!-- \/ Yoast SEO plugin. -->","yoast_head_json":{"title":"TOILE DE PROJECTION (\u00c9CRAN) - SimBooth","robots":{"index":"index","follow":"follow","max-snippet":"max-snippet:-1","max-image-preview":"max-image-preview:large","max-video-preview":"max-video-preview:-1"},"canonical":"https:\/\/simbooth.com\/fr\/produit\/toile-de-projection-ecran\/","og_locale":"fr_FR","og_type":"article","og_title":"TOILE DE PROJECTION (\u00c9CRAN) - SimBooth","og_description":"Notre \u00e9cran de projection (toile) blanc SimBooth est fabriqu\u00e9 \u00e0 partir d\u2019un mat\u00e9riau de qualit\u00e9 commerciale haut de gamme, con\u00e7u pour r\u00e9sister aux frappes puissantes tout en offrant une image nette et claire pour votre simulateur de golf. Dimensions   SimBooth 1 : 94\u201d x 132\u201d  SimBooth 2 : 105\u201d x 148\u201d  SimBooth 3 : 118\u201d x 168\u201d  SimBooth 4 : 125\u201d x 198\u201d","og_url":"https:\/\/simbooth.com\/fr\/produit\/toile-de-projection-ecran\/","og_site_name":"SimBooth","article_modified_time":"2026-03-02T20:45:28+00:00","og_image":[{"width":480,"height":463,"url":"https:\/\/simbooth.com\/wp-content\/uploads\/2021\/01\/Toile-Blanche_large.png","type":"image\/png"}],"twitter_card":"summary_large_image","twitter_misc":{"Dur\u00e9e de lecture estim\u00e9e":"1 minute"},"schema":{"@context":"https:\/\/schema.org","@graph":[{"@type":"WebPage","@id":"https:\/\/simbooth.com\/fr\/produit\/toile-de-projection-ecran\/","url":"https:\/\/simbooth.com\/fr\/produit\/toile-de-projection-ecran\/","name":"TOILE DE PROJECTION (\u00c9CRAN) - SimBooth","isPartOf":{"@id":"https:\/\/simbooth.com\/fr\/#website"},"primaryImageOfPage":{"@id":"https:\/\/simbooth.com\/fr\/produit\/toile-de-projection-ecran\/#primaryimage"},"image":{"@id":"https:\/\/simbooth.com\/fr\/produit\/toile-de-projection-ecran\/#primaryimage"},"thumbnailUrl":"https:\/\/simbooth.com\/wp-content\/uploads\/2021\/01\/Toile-Blanche_large.png","datePublished":"2021-01-13T20:44:49+00:00","dateModified":"2026-03-02T20:45:28+00:00","breadcrumb":{"@id":"https:\/\/simbooth.com\/fr\/produit\/toile-de-projection-ecran\/#breadcrumb"},"inLanguage":"fr-FR","potentialAction":[{"@type":"ReadAction","target":["https:\/\/simbooth.com\/fr\/produit\/toile-de-projection-ecran\/"]}]},{"@type":"ImageObject","inLanguage":"fr-FR","@id":"https:\/\/simbooth.com\/fr\/produit\/toile-de-projection-ecran\/#primaryimage","url":"https:\/\/simbooth.com\/wp-content\/uploads\/2021\/01\/Toile-Blanche_large.png","contentUrl":"https:\/\/simbooth.com\/wp-content\/uploads\/2021\/01\/Toile-Blanche_large.png","width":480,"height":463},{"@type":"BreadcrumbList","@id":"https:\/\/simbooth.com\/fr\/produit\/toile-de-projection-ecran\/#breadcrumb","itemListElement":[{"@type":"ListItem","position":1,"name":"Home","item":"https:\/\/simbooth.com\/fr\/"},{"@type":"ListItem","position":2,"name":"Boutique","item":"https:\/\/simbooth.com\/fr\/boutique\/"},{"@type":"ListItem","position":3,"name":"TOILE DE PROJECTION (\u00c9CRAN)"}]},{"@type":"WebSite","@id":"https:\/\/simbooth.com\/fr\/#website","url":"https:\/\/simbooth.com\/fr\/","name":"SimBooth","description":"","publisher":{"@id":"https:\/\/simbooth.com\/fr\/#organization"},"potentialAction":[{"@type":"SearchAction","target":{"@type":"EntryPoint","urlTemplate":"https:\/\/simbooth.com\/fr\/?s={search_term_string}"},"query-input":{"@type":"PropertyValueSpecification","valueRequired":true,"valueName":"search_term_string"}}],"inLanguage":"fr-FR"},{"@type":"Organization","@id":"https:\/\/simbooth.com\/fr\/#organization","name":"SimBooth","url":"https:\/\/simbooth.com\/fr\/","logo":{"@type":"ImageObject","inLanguage":"fr-FR","@id":"https:\/\/simbooth.com\/fr\/#\/schema\/logo\/image\/","url":"https:\/\/simbooth.com\/wp-content\/uploads\/2020\/10\/cropped-icon.png","contentUrl":"https:\/\/simbooth.com\/wp-content\/uploads\/2020\/10\/cropped-icon.png","width":512,"height":512,"caption":"SimBooth"},"image":{"@id":"https:\/\/simbooth.com\/fr\/#\/schema\/logo\/image\/"}}]}},"_links":{"self":[{"href":"https:\/\/simbooth.com\/fr\/wp-json\/wp\/v2\/product\/2420","targetHints":{"allow":["GET"]}}],"collection":[{"href":"https:\/\/simbooth.com\/fr\/wp-json\/wp\/v2\/product"}],"about":[{"href":"https:\/\/simbooth.com\/fr\/wp-json\/wp\/v2\/types\/product"}],"replies":[{"embeddable":true,"href":"https:\/\/simbooth.com\/fr\/wp-json\/wp\/v2\/comments?post=2420"}],"wp:featuredmedia":[{"embeddable":true,"href":"https:\/\/simbooth.com\/fr\/wp-json\/wp\/v2\/media\/1986"}],"wp:attachment":[{"href":"https:\/\/simbooth.com\/fr\/wp-json\/wp\/v2\/media?parent=2420"}],"wp:term":[{"taxonomy":"product_brand","embeddable":true,"href":"https:\/\/simbooth.com\/fr\/wp-json\/wp\/v2\/product_brand?post=2420"},{"taxonomy":"product_cat","embeddable":true,"href":"https:\/\/simbooth.com\/fr\/wp-json\/wp\/v2\/product_cat?post=2420"},{"taxonomy":"product_tag","embeddable":true,"href":"https:\/\/simbooth.com\/fr\/wp-json\/wp\/v2\/product_tag?post=2420"}],"curies":[{"name":"wp","href":"https:\/\/api.w.org\/{rel}","templated":true}]}}