{"id":2406,"date":"2024-10-03T13:45:13","date_gmt":"2024-10-03T17:45:13","guid":{"rendered":"https:\/\/simbooth.com\/product\/idra-ii\/"},"modified":"2026-03-02T15:12:45","modified_gmt":"2026-03-02T20:12:45","slug":"idra-ii","status":"publish","type":"product","link":"https:\/\/simbooth.com\/fr\/produit\/idra-ii\/","title":{"rendered":"IDRA II"},"content":{"rendered":"<p>IDRA II est un moniteur de lancement fix\u00e9 au plafond \u00e0 intelligence artificielle, \u00e9quip\u00e9 de deux cam\u00e9ras haute vitesse, d\u00e9velopp\u00e9 par GolfIn et compatible avec des balles sans marquage. Il int\u00e8gre une technologie de vision st\u00e9r\u00e9oscopique, offrant une pr\u00e9cision extr\u00eame pour le long jeu, le jeu court et le putting, ainsi qu\u2019une large zone de frappe.<\/p>\n<p>Parfait aussi bien pour le loisir que pour l&rsquo;entra\u00eenement, IDRA II offre une exp\u00e9rience de golf ultime.<\/p>\n","protected":false},"excerpt":{"rendered":"<p>IDRA II est un moniteur de lancement fix\u00e9 au plafond \u00e0 intelligence artificielle, \u00e9quip\u00e9 de deux cam\u00e9ras haute vitesse, d\u00e9velopp\u00e9 par GolfIn et compatible avec des balles sans marquage. Il int\u00e8gre une technologie de vision st\u00e9r\u00e9oscopique, offrant une pr\u00e9cision extr\u00eame pour le long jeu, le jeu court et le putting, ainsi qu\u2019une large zone de frappe. Parfait aussi bien pour le loisir que pour l&rsquo;entra\u00eenement, IDRA II offre une exp\u00e9rience de golf ultime.<\/p>\n","protected":false},"featured_media":2182,"comment_status":"open","ping_status":"closed","template":"","meta":{"_acf_changed":false},"product_brand":[],"product_cat":[197],"product_tag":[],"class_list":{"0":"post-2406","1":"product","2":"type-product","3":"status-publish","4":"has-post-thumbnail","6":"product_cat-idra-2","7":"product_shipping_class-produits","9":"first","10":"instock","11":"taxable","12":"shipping-taxable","13":"purchasable","14":"product-type-simple"},"acf":[],"yoast_head":"<!-- This site is optimized with the Yoast SEO plugin v27.3 - https:\/\/yoast.com\/product\/yoast-seo-wordpress\/ -->\n<title>IDRA II - SimBooth<\/title>\n<meta name=\"description\" content=\"IDRA II est un moniteur de lancement fix\u00e9 au plafond \u00e0 intelligence artificielle, \u00e9quip\u00e9 de deux cam\u00e9ras haute vitesse, d\u00e9velopp\u00e9 par GolfIn et compatible avec des balles sans marquage. Il int\u00e8gre une technologie de vision st\u00e9r\u00e9oscopique, offrant une pr\u00e9cision extr\u00eame pour le long jeu, le jeu court et le putting, ainsi qu\u2019une large zone de frappe. Parfait aussi bien pour le loisir que pour l&#039;entra\u00eenement, IDRA II offre une exp\u00e9rience de golf ultime.\" \/>\n<meta name=\"robots\" content=\"index, follow, max-snippet:-1, max-image-preview:large, max-video-preview:-1\" \/>\n<link rel=\"canonical\" href=\"https:\/\/simbooth.com\/fr\/produit\/idra-ii\/\" \/>\n<meta property=\"og:locale\" content=\"fr_FR\" \/>\n<meta property=\"og:type\" content=\"article\" \/>\n<meta property=\"og:title\" content=\"IDRA II - SimBooth\" \/>\n<meta property=\"og:description\" content=\"IDRA II est un moniteur de lancement fix\u00e9 au plafond \u00e0 intelligence artificielle, \u00e9quip\u00e9 de deux cam\u00e9ras haute vitesse, d\u00e9velopp\u00e9 par GolfIn et compatible avec des balles sans marquage. Il int\u00e8gre une technologie de vision st\u00e9r\u00e9oscopique, offrant une pr\u00e9cision extr\u00eame pour le long jeu, le jeu court et le putting, ainsi qu\u2019une large zone de frappe. Parfait aussi bien pour le loisir que pour l&#039;entra\u00eenement, IDRA II offre une exp\u00e9rience de golf ultime.\" \/>\n<meta property=\"og:url\" content=\"https:\/\/simbooth.com\/fr\/produit\/idra-ii\/\" \/>\n<meta property=\"og:site_name\" content=\"SimBooth\" \/>\n<meta property=\"article:modified_time\" content=\"2026-03-02T20:12:45+00:00\" \/>\n<meta property=\"og:image\" content=\"https:\/\/simbooth.com\/wp-content\/uploads\/2024\/10\/produit-IDRA-2-3.png\" \/>\n\t<meta property=\"og:image:width\" content=\"1598\" \/>\n\t<meta property=\"og:image:height\" content=\"1598\" \/>\n\t<meta property=\"og:image:type\" content=\"image\/png\" \/>\n<meta name=\"twitter:card\" content=\"summary_large_image\" \/>\n<meta name=\"twitter:label1\" content=\"Dur\u00e9e de lecture estim\u00e9e\" \/>\n\t<meta name=\"twitter:data1\" content=\"1 minute\" \/>\n<script type=\"application\/ld+json\" class=\"yoast-schema-graph\">{\"@context\":\"https:\\\/\\\/schema.org\",\"@graph\":[{\"@type\":\"WebPage\",\"@id\":\"https:\\\/\\\/simbooth.com\\\/fr\\\/produit\\\/idra-ii\\\/\",\"url\":\"https:\\\/\\\/simbooth.com\\\/fr\\\/produit\\\/idra-ii\\\/\",\"name\":\"IDRA II - SimBooth\",\"isPartOf\":{\"@id\":\"https:\\\/\\\/simbooth.com\\\/fr\\\/#website\"},\"primaryImageOfPage\":{\"@id\":\"https:\\\/\\\/simbooth.com\\\/fr\\\/produit\\\/idra-ii\\\/#primaryimage\"},\"image\":{\"@id\":\"https:\\\/\\\/simbooth.com\\\/fr\\\/produit\\\/idra-ii\\\/#primaryimage\"},\"thumbnailUrl\":\"https:\\\/\\\/simbooth.com\\\/wp-content\\\/uploads\\\/2024\\\/10\\\/produit-IDRA-2-3.png\",\"datePublished\":\"2024-10-03T17:45:13+00:00\",\"dateModified\":\"2026-03-02T20:12:45+00:00\",\"description\":\"IDRA II est un moniteur de lancement fix\u00e9 au plafond \u00e0 intelligence artificielle, \u00e9quip\u00e9 de deux cam\u00e9ras haute vitesse, d\u00e9velopp\u00e9 par GolfIn et compatible avec des balles sans marquage. Il int\u00e8gre une technologie de vision st\u00e9r\u00e9oscopique, offrant une pr\u00e9cision extr\u00eame pour le long jeu, le jeu court et le putting, ainsi qu\u2019une large zone de frappe. Parfait aussi bien pour le loisir que pour l'entra\u00eenement, IDRA II offre une exp\u00e9rience de golf ultime.\",\"breadcrumb\":{\"@id\":\"https:\\\/\\\/simbooth.com\\\/fr\\\/produit\\\/idra-ii\\\/#breadcrumb\"},\"inLanguage\":\"fr-FR\",\"potentialAction\":[{\"@type\":\"ReadAction\",\"target\":[\"https:\\\/\\\/simbooth.com\\\/fr\\\/produit\\\/idra-ii\\\/\"]}]},{\"@type\":\"ImageObject\",\"inLanguage\":\"fr-FR\",\"@id\":\"https:\\\/\\\/simbooth.com\\\/fr\\\/produit\\\/idra-ii\\\/#primaryimage\",\"url\":\"https:\\\/\\\/simbooth.com\\\/wp-content\\\/uploads\\\/2024\\\/10\\\/produit-IDRA-2-3.png\",\"contentUrl\":\"https:\\\/\\\/simbooth.com\\\/wp-content\\\/uploads\\\/2024\\\/10\\\/produit-IDRA-2-3.png\",\"width\":1598,\"height\":1598},{\"@type\":\"BreadcrumbList\",\"@id\":\"https:\\\/\\\/simbooth.com\\\/fr\\\/produit\\\/idra-ii\\\/#breadcrumb\",\"itemListElement\":[{\"@type\":\"ListItem\",\"position\":1,\"name\":\"Home\",\"item\":\"https:\\\/\\\/simbooth.com\\\/fr\\\/\"},{\"@type\":\"ListItem\",\"position\":2,\"name\":\"Boutique\",\"item\":\"https:\\\/\\\/simbooth.com\\\/fr\\\/boutique\\\/\"},{\"@type\":\"ListItem\",\"position\":3,\"name\":\"IDRA II\"}]},{\"@type\":\"WebSite\",\"@id\":\"https:\\\/\\\/simbooth.com\\\/fr\\\/#website\",\"url\":\"https:\\\/\\\/simbooth.com\\\/fr\\\/\",\"name\":\"SimBooth\",\"description\":\"\",\"publisher\":{\"@id\":\"https:\\\/\\\/simbooth.com\\\/fr\\\/#organization\"},\"potentialAction\":[{\"@type\":\"SearchAction\",\"target\":{\"@type\":\"EntryPoint\",\"urlTemplate\":\"https:\\\/\\\/simbooth.com\\\/fr\\\/?s={search_term_string}\"},\"query-input\":{\"@type\":\"PropertyValueSpecification\",\"valueRequired\":true,\"valueName\":\"search_term_string\"}}],\"inLanguage\":\"fr-FR\"},{\"@type\":\"Organization\",\"@id\":\"https:\\\/\\\/simbooth.com\\\/fr\\\/#organization\",\"name\":\"SimBooth\",\"url\":\"https:\\\/\\\/simbooth.com\\\/fr\\\/\",\"logo\":{\"@type\":\"ImageObject\",\"inLanguage\":\"fr-FR\",\"@id\":\"https:\\\/\\\/simbooth.com\\\/fr\\\/#\\\/schema\\\/logo\\\/image\\\/\",\"url\":\"https:\\\/\\\/simbooth.com\\\/wp-content\\\/uploads\\\/2020\\\/10\\\/cropped-icon.png\",\"contentUrl\":\"https:\\\/\\\/simbooth.com\\\/wp-content\\\/uploads\\\/2020\\\/10\\\/cropped-icon.png\",\"width\":512,\"height\":512,\"caption\":\"SimBooth\"},\"image\":{\"@id\":\"https:\\\/\\\/simbooth.com\\\/fr\\\/#\\\/schema\\\/logo\\\/image\\\/\"}}]}<\/script>\n<!-- \/ Yoast SEO plugin. -->","yoast_head_json":{"title":"IDRA II - SimBooth","description":"IDRA II est un moniteur de lancement fix\u00e9 au plafond \u00e0 intelligence artificielle, \u00e9quip\u00e9 de deux cam\u00e9ras haute vitesse, d\u00e9velopp\u00e9 par GolfIn et compatible avec des balles sans marquage. Il int\u00e8gre une technologie de vision st\u00e9r\u00e9oscopique, offrant une pr\u00e9cision extr\u00eame pour le long jeu, le jeu court et le putting, ainsi qu\u2019une large zone de frappe. Parfait aussi bien pour le loisir que pour l'entra\u00eenement, IDRA II offre une exp\u00e9rience de golf ultime.","robots":{"index":"index","follow":"follow","max-snippet":"max-snippet:-1","max-image-preview":"max-image-preview:large","max-video-preview":"max-video-preview:-1"},"canonical":"https:\/\/simbooth.com\/fr\/produit\/idra-ii\/","og_locale":"fr_FR","og_type":"article","og_title":"IDRA II - SimBooth","og_description":"IDRA II est un moniteur de lancement fix\u00e9 au plafond \u00e0 intelligence artificielle, \u00e9quip\u00e9 de deux cam\u00e9ras haute vitesse, d\u00e9velopp\u00e9 par GolfIn et compatible avec des balles sans marquage. Il int\u00e8gre une technologie de vision st\u00e9r\u00e9oscopique, offrant une pr\u00e9cision extr\u00eame pour le long jeu, le jeu court et le putting, ainsi qu\u2019une large zone de frappe. Parfait aussi bien pour le loisir que pour l'entra\u00eenement, IDRA II offre une exp\u00e9rience de golf ultime.","og_url":"https:\/\/simbooth.com\/fr\/produit\/idra-ii\/","og_site_name":"SimBooth","article_modified_time":"2026-03-02T20:12:45+00:00","og_image":[{"width":1598,"height":1598,"url":"https:\/\/simbooth.com\/wp-content\/uploads\/2024\/10\/produit-IDRA-2-3.png","type":"image\/png"}],"twitter_card":"summary_large_image","twitter_misc":{"Dur\u00e9e de lecture estim\u00e9e":"1 minute"},"schema":{"@context":"https:\/\/schema.org","@graph":[{"@type":"WebPage","@id":"https:\/\/simbooth.com\/fr\/produit\/idra-ii\/","url":"https:\/\/simbooth.com\/fr\/produit\/idra-ii\/","name":"IDRA II - SimBooth","isPartOf":{"@id":"https:\/\/simbooth.com\/fr\/#website"},"primaryImageOfPage":{"@id":"https:\/\/simbooth.com\/fr\/produit\/idra-ii\/#primaryimage"},"image":{"@id":"https:\/\/simbooth.com\/fr\/produit\/idra-ii\/#primaryimage"},"thumbnailUrl":"https:\/\/simbooth.com\/wp-content\/uploads\/2024\/10\/produit-IDRA-2-3.png","datePublished":"2024-10-03T17:45:13+00:00","dateModified":"2026-03-02T20:12:45+00:00","description":"IDRA II est un moniteur de lancement fix\u00e9 au plafond \u00e0 intelligence artificielle, \u00e9quip\u00e9 de deux cam\u00e9ras haute vitesse, d\u00e9velopp\u00e9 par GolfIn et compatible avec des balles sans marquage. Il int\u00e8gre une technologie de vision st\u00e9r\u00e9oscopique, offrant une pr\u00e9cision extr\u00eame pour le long jeu, le jeu court et le putting, ainsi qu\u2019une large zone de frappe. Parfait aussi bien pour le loisir que pour l'entra\u00eenement, IDRA II offre une exp\u00e9rience de golf ultime.","breadcrumb":{"@id":"https:\/\/simbooth.com\/fr\/produit\/idra-ii\/#breadcrumb"},"inLanguage":"fr-FR","potentialAction":[{"@type":"ReadAction","target":["https:\/\/simbooth.com\/fr\/produit\/idra-ii\/"]}]},{"@type":"ImageObject","inLanguage":"fr-FR","@id":"https:\/\/simbooth.com\/fr\/produit\/idra-ii\/#primaryimage","url":"https:\/\/simbooth.com\/wp-content\/uploads\/2024\/10\/produit-IDRA-2-3.png","contentUrl":"https:\/\/simbooth.com\/wp-content\/uploads\/2024\/10\/produit-IDRA-2-3.png","width":1598,"height":1598},{"@type":"BreadcrumbList","@id":"https:\/\/simbooth.com\/fr\/produit\/idra-ii\/#breadcrumb","itemListElement":[{"@type":"ListItem","position":1,"name":"Home","item":"https:\/\/simbooth.com\/fr\/"},{"@type":"ListItem","position":2,"name":"Boutique","item":"https:\/\/simbooth.com\/fr\/boutique\/"},{"@type":"ListItem","position":3,"name":"IDRA II"}]},{"@type":"WebSite","@id":"https:\/\/simbooth.com\/fr\/#website","url":"https:\/\/simbooth.com\/fr\/","name":"SimBooth","description":"","publisher":{"@id":"https:\/\/simbooth.com\/fr\/#organization"},"potentialAction":[{"@type":"SearchAction","target":{"@type":"EntryPoint","urlTemplate":"https:\/\/simbooth.com\/fr\/?s={search_term_string}"},"query-input":{"@type":"PropertyValueSpecification","valueRequired":true,"valueName":"search_term_string"}}],"inLanguage":"fr-FR"},{"@type":"Organization","@id":"https:\/\/simbooth.com\/fr\/#organization","name":"SimBooth","url":"https:\/\/simbooth.com\/fr\/","logo":{"@type":"ImageObject","inLanguage":"fr-FR","@id":"https:\/\/simbooth.com\/fr\/#\/schema\/logo\/image\/","url":"https:\/\/simbooth.com\/wp-content\/uploads\/2020\/10\/cropped-icon.png","contentUrl":"https:\/\/simbooth.com\/wp-content\/uploads\/2020\/10\/cropped-icon.png","width":512,"height":512,"caption":"SimBooth"},"image":{"@id":"https:\/\/simbooth.com\/fr\/#\/schema\/logo\/image\/"}}]}},"_links":{"self":[{"href":"https:\/\/simbooth.com\/fr\/wp-json\/wp\/v2\/product\/2406","targetHints":{"allow":["GET"]}}],"collection":[{"href":"https:\/\/simbooth.com\/fr\/wp-json\/wp\/v2\/product"}],"about":[{"href":"https:\/\/simbooth.com\/fr\/wp-json\/wp\/v2\/types\/product"}],"replies":[{"embeddable":true,"href":"https:\/\/simbooth.com\/fr\/wp-json\/wp\/v2\/comments?post=2406"}],"wp:featuredmedia":[{"embeddable":true,"href":"https:\/\/simbooth.com\/fr\/wp-json\/wp\/v2\/media\/2182"}],"wp:attachment":[{"href":"https:\/\/simbooth.com\/fr\/wp-json\/wp\/v2\/media?parent=2406"}],"wp:term":[{"taxonomy":"product_brand","embeddable":true,"href":"https:\/\/simbooth.com\/fr\/wp-json\/wp\/v2\/product_brand?post=2406"},{"taxonomy":"product_cat","embeddable":true,"href":"https:\/\/simbooth.com\/fr\/wp-json\/wp\/v2\/product_cat?post=2406"},{"taxonomy":"product_tag","embeddable":true,"href":"https:\/\/simbooth.com\/fr\/wp-json\/wp\/v2\/product_tag?post=2406"}],"curies":[{"name":"wp","href":"https:\/\/api.w.org\/{rel}","templated":true}]}}