{"id":2363,"date":"2021-01-13T11:26:40","date_gmt":"2021-01-13T16:26:40","guid":{"rendered":"https:\/\/simbooth.com\/product\/simbooth-2\/"},"modified":"2026-03-02T15:08:27","modified_gmt":"2026-03-02T20:08:27","slug":"simbooth-2","status":"publish","type":"product","link":"https:\/\/simbooth.com\/fr\/produit\/simbooth-2\/","title":{"rendered":"SimBooth 2"},"content":{"rendered":"","protected":false},"excerpt":{"rendered":"<p>Le SimBooth 2 est con\u00e7ue pour r\u00e9pondre aux besoins des terrains de golf. Lors de sa conception, nous nous sommes pos\u00e9 la question : \u00ab Quelle est la r\u00e9alit\u00e9 d\u2019un club de golf ? \u00bb La r\u00e9ponse : beaucoup d\u2019espace en hiver, mais un besoin de lib\u00e9rer cet espace pour les r\u00e9ceptions et les tournois en \u00e9t\u00e9. C\u2019est pourquoi nous avons con\u00e7u le SimBooth 2 avec un syst\u00e8me robuste, sp\u00e9cialement con\u00e7u pour \u00eatre mont\u00e9 et d\u00e9mont\u00e9 fr\u00e9quemment. Le processus est rapide et simple, sans n\u00e9cessit\u00e9 de retirer les principales pi\u00e8ces de la structure. C\u2019est le choix id\u00e9al pour les clubs de golf et les grands espaces, y compris ceux \u00e0 domicile.<\/p>\n","protected":false},"featured_media":2241,"comment_status":"open","ping_status":"closed","template":"","meta":{"_acf_changed":false},"product_brand":[],"product_cat":[145],"product_tag":[],"class_list":{"0":"post-2363","1":"product","2":"type-product","3":"status-publish","4":"has-post-thumbnail","6":"product_cat-configurateur","8":"first","9":"instock","10":"taxable","11":"shipping-taxable","12":"purchasable","13":"product-type-simple"},"acf":[],"yoast_head":"<!-- This site is optimized with the Yoast SEO plugin v27.4 - https:\/\/yoast.com\/product\/yoast-seo-wordpress\/ -->\n<title>SimBooth 2 - SimBooth<\/title>\n<meta name=\"robots\" content=\"index, follow, max-snippet:-1, max-image-preview:large, max-video-preview:-1\" \/>\n<link rel=\"canonical\" href=\"https:\/\/simbooth.com\/fr\/produit\/simbooth-2\/\" \/>\n<meta property=\"og:locale\" content=\"fr_FR\" \/>\n<meta property=\"og:type\" content=\"article\" \/>\n<meta property=\"og:title\" content=\"SimBooth 2 - SimBooth\" \/>\n<meta property=\"og:description\" content=\"Le SimBooth 2 est con\u00e7ue pour r\u00e9pondre aux besoins des terrains de golf. Lors de sa conception, nous nous sommes pos\u00e9 la question : \u00ab Quelle est la r\u00e9alit\u00e9 d\u2019un club de golf ? \u00bb La r\u00e9ponse : beaucoup d\u2019espace en hiver, mais un besoin de lib\u00e9rer cet espace pour les r\u00e9ceptions et les tournois en \u00e9t\u00e9. C\u2019est pourquoi nous avons con\u00e7u le SimBooth 2 avec un syst\u00e8me robuste, sp\u00e9cialement con\u00e7u pour \u00eatre mont\u00e9 et d\u00e9mont\u00e9 fr\u00e9quemment. Le processus est rapide et simple, sans n\u00e9cessit\u00e9 de retirer les principales pi\u00e8ces de la structure. C\u2019est le choix id\u00e9al pour les clubs de golf et les grands espaces, y compris ceux \u00e0 domicile.\" \/>\n<meta property=\"og:url\" content=\"https:\/\/simbooth.com\/fr\/produit\/simbooth-2\/\" \/>\n<meta property=\"og:site_name\" content=\"SimBooth\" \/>\n<meta property=\"article:modified_time\" content=\"2026-03-02T20:08:27+00:00\" \/>\n<meta property=\"og:image\" content=\"https:\/\/simbooth.com\/wp-content\/uploads\/2021\/01\/Untitled-design-14.png\" \/>\n\t<meta property=\"og:image:width\" content=\"1000\" \/>\n\t<meta property=\"og:image:height\" content=\"1000\" \/>\n\t<meta property=\"og:image:type\" content=\"image\/png\" \/>\n<meta name=\"twitter:card\" content=\"summary_large_image\" \/>\n<meta name=\"twitter:label1\" content=\"Dur\u00e9e de lecture estim\u00e9e\" \/>\n\t<meta name=\"twitter:data1\" content=\"1 minute\" \/>\n<script type=\"application\/ld+json\" class=\"yoast-schema-graph\">{\"@context\":\"https:\\\/\\\/schema.org\",\"@graph\":[{\"@type\":\"WebPage\",\"@id\":\"https:\\\/\\\/simbooth.com\\\/fr\\\/produit\\\/simbooth-2\\\/\",\"url\":\"https:\\\/\\\/simbooth.com\\\/fr\\\/produit\\\/simbooth-2\\\/\",\"name\":\"SimBooth 2 - SimBooth\",\"isPartOf\":{\"@id\":\"https:\\\/\\\/simbooth.com\\\/fr\\\/#website\"},\"primaryImageOfPage\":{\"@id\":\"https:\\\/\\\/simbooth.com\\\/fr\\\/produit\\\/simbooth-2\\\/#primaryimage\"},\"image\":{\"@id\":\"https:\\\/\\\/simbooth.com\\\/fr\\\/produit\\\/simbooth-2\\\/#primaryimage\"},\"thumbnailUrl\":\"https:\\\/\\\/simbooth.com\\\/wp-content\\\/uploads\\\/2021\\\/01\\\/Untitled-design-14.png\",\"datePublished\":\"2021-01-13T16:26:40+00:00\",\"dateModified\":\"2026-03-02T20:08:27+00:00\",\"breadcrumb\":{\"@id\":\"https:\\\/\\\/simbooth.com\\\/fr\\\/produit\\\/simbooth-2\\\/#breadcrumb\"},\"inLanguage\":\"fr-FR\",\"potentialAction\":[{\"@type\":\"ReadAction\",\"target\":[\"https:\\\/\\\/simbooth.com\\\/fr\\\/produit\\\/simbooth-2\\\/\"]}]},{\"@type\":\"ImageObject\",\"inLanguage\":\"fr-FR\",\"@id\":\"https:\\\/\\\/simbooth.com\\\/fr\\\/produit\\\/simbooth-2\\\/#primaryimage\",\"url\":\"https:\\\/\\\/simbooth.com\\\/wp-content\\\/uploads\\\/2021\\\/01\\\/Untitled-design-14.png\",\"contentUrl\":\"https:\\\/\\\/simbooth.com\\\/wp-content\\\/uploads\\\/2021\\\/01\\\/Untitled-design-14.png\",\"width\":1000,\"height\":1000},{\"@type\":\"BreadcrumbList\",\"@id\":\"https:\\\/\\\/simbooth.com\\\/fr\\\/produit\\\/simbooth-2\\\/#breadcrumb\",\"itemListElement\":[{\"@type\":\"ListItem\",\"position\":1,\"name\":\"Home\",\"item\":\"https:\\\/\\\/simbooth.com\\\/fr\\\/\"},{\"@type\":\"ListItem\",\"position\":2,\"name\":\"Boutique\",\"item\":\"https:\\\/\\\/simbooth.com\\\/fr\\\/boutique\\\/\"},{\"@type\":\"ListItem\",\"position\":3,\"name\":\"SimBooth 2\"}]},{\"@type\":\"WebSite\",\"@id\":\"https:\\\/\\\/simbooth.com\\\/fr\\\/#website\",\"url\":\"https:\\\/\\\/simbooth.com\\\/fr\\\/\",\"name\":\"SimBooth\",\"description\":\"\",\"publisher\":{\"@id\":\"https:\\\/\\\/simbooth.com\\\/fr\\\/#organization\"},\"potentialAction\":[{\"@type\":\"SearchAction\",\"target\":{\"@type\":\"EntryPoint\",\"urlTemplate\":\"https:\\\/\\\/simbooth.com\\\/fr\\\/?s={search_term_string}\"},\"query-input\":{\"@type\":\"PropertyValueSpecification\",\"valueRequired\":true,\"valueName\":\"search_term_string\"}}],\"inLanguage\":\"fr-FR\"},{\"@type\":\"Organization\",\"@id\":\"https:\\\/\\\/simbooth.com\\\/fr\\\/#organization\",\"name\":\"SimBooth\",\"url\":\"https:\\\/\\\/simbooth.com\\\/fr\\\/\",\"logo\":{\"@type\":\"ImageObject\",\"inLanguage\":\"fr-FR\",\"@id\":\"https:\\\/\\\/simbooth.com\\\/fr\\\/#\\\/schema\\\/logo\\\/image\\\/\",\"url\":\"https:\\\/\\\/simbooth.com\\\/wp-content\\\/uploads\\\/2020\\\/10\\\/cropped-icon.png\",\"contentUrl\":\"https:\\\/\\\/simbooth.com\\\/wp-content\\\/uploads\\\/2020\\\/10\\\/cropped-icon.png\",\"width\":512,\"height\":512,\"caption\":\"SimBooth\"},\"image\":{\"@id\":\"https:\\\/\\\/simbooth.com\\\/fr\\\/#\\\/schema\\\/logo\\\/image\\\/\"}}]}<\/script>\n<!-- \/ Yoast SEO plugin. -->","yoast_head_json":{"title":"SimBooth 2 - SimBooth","robots":{"index":"index","follow":"follow","max-snippet":"max-snippet:-1","max-image-preview":"max-image-preview:large","max-video-preview":"max-video-preview:-1"},"canonical":"https:\/\/simbooth.com\/fr\/produit\/simbooth-2\/","og_locale":"fr_FR","og_type":"article","og_title":"SimBooth 2 - SimBooth","og_description":"Le SimBooth 2 est con\u00e7ue pour r\u00e9pondre aux besoins des terrains de golf. Lors de sa conception, nous nous sommes pos\u00e9 la question : \u00ab Quelle est la r\u00e9alit\u00e9 d\u2019un club de golf ? \u00bb La r\u00e9ponse : beaucoup d\u2019espace en hiver, mais un besoin de lib\u00e9rer cet espace pour les r\u00e9ceptions et les tournois en \u00e9t\u00e9. C\u2019est pourquoi nous avons con\u00e7u le SimBooth 2 avec un syst\u00e8me robuste, sp\u00e9cialement con\u00e7u pour \u00eatre mont\u00e9 et d\u00e9mont\u00e9 fr\u00e9quemment. Le processus est rapide et simple, sans n\u00e9cessit\u00e9 de retirer les principales pi\u00e8ces de la structure. C\u2019est le choix id\u00e9al pour les clubs de golf et les grands espaces, y compris ceux \u00e0 domicile.","og_url":"https:\/\/simbooth.com\/fr\/produit\/simbooth-2\/","og_site_name":"SimBooth","article_modified_time":"2026-03-02T20:08:27+00:00","og_image":[{"width":1000,"height":1000,"url":"https:\/\/simbooth.com\/wp-content\/uploads\/2021\/01\/Untitled-design-14.png","type":"image\/png"}],"twitter_card":"summary_large_image","twitter_misc":{"Dur\u00e9e de lecture estim\u00e9e":"1 minute"},"schema":{"@context":"https:\/\/schema.org","@graph":[{"@type":"WebPage","@id":"https:\/\/simbooth.com\/fr\/produit\/simbooth-2\/","url":"https:\/\/simbooth.com\/fr\/produit\/simbooth-2\/","name":"SimBooth 2 - SimBooth","isPartOf":{"@id":"https:\/\/simbooth.com\/fr\/#website"},"primaryImageOfPage":{"@id":"https:\/\/simbooth.com\/fr\/produit\/simbooth-2\/#primaryimage"},"image":{"@id":"https:\/\/simbooth.com\/fr\/produit\/simbooth-2\/#primaryimage"},"thumbnailUrl":"https:\/\/simbooth.com\/wp-content\/uploads\/2021\/01\/Untitled-design-14.png","datePublished":"2021-01-13T16:26:40+00:00","dateModified":"2026-03-02T20:08:27+00:00","breadcrumb":{"@id":"https:\/\/simbooth.com\/fr\/produit\/simbooth-2\/#breadcrumb"},"inLanguage":"fr-FR","potentialAction":[{"@type":"ReadAction","target":["https:\/\/simbooth.com\/fr\/produit\/simbooth-2\/"]}]},{"@type":"ImageObject","inLanguage":"fr-FR","@id":"https:\/\/simbooth.com\/fr\/produit\/simbooth-2\/#primaryimage","url":"https:\/\/simbooth.com\/wp-content\/uploads\/2021\/01\/Untitled-design-14.png","contentUrl":"https:\/\/simbooth.com\/wp-content\/uploads\/2021\/01\/Untitled-design-14.png","width":1000,"height":1000},{"@type":"BreadcrumbList","@id":"https:\/\/simbooth.com\/fr\/produit\/simbooth-2\/#breadcrumb","itemListElement":[{"@type":"ListItem","position":1,"name":"Home","item":"https:\/\/simbooth.com\/fr\/"},{"@type":"ListItem","position":2,"name":"Boutique","item":"https:\/\/simbooth.com\/fr\/boutique\/"},{"@type":"ListItem","position":3,"name":"SimBooth 2"}]},{"@type":"WebSite","@id":"https:\/\/simbooth.com\/fr\/#website","url":"https:\/\/simbooth.com\/fr\/","name":"SimBooth","description":"","publisher":{"@id":"https:\/\/simbooth.com\/fr\/#organization"},"potentialAction":[{"@type":"SearchAction","target":{"@type":"EntryPoint","urlTemplate":"https:\/\/simbooth.com\/fr\/?s={search_term_string}"},"query-input":{"@type":"PropertyValueSpecification","valueRequired":true,"valueName":"search_term_string"}}],"inLanguage":"fr-FR"},{"@type":"Organization","@id":"https:\/\/simbooth.com\/fr\/#organization","name":"SimBooth","url":"https:\/\/simbooth.com\/fr\/","logo":{"@type":"ImageObject","inLanguage":"fr-FR","@id":"https:\/\/simbooth.com\/fr\/#\/schema\/logo\/image\/","url":"https:\/\/simbooth.com\/wp-content\/uploads\/2020\/10\/cropped-icon.png","contentUrl":"https:\/\/simbooth.com\/wp-content\/uploads\/2020\/10\/cropped-icon.png","width":512,"height":512,"caption":"SimBooth"},"image":{"@id":"https:\/\/simbooth.com\/fr\/#\/schema\/logo\/image\/"}}]}},"_links":{"self":[{"href":"https:\/\/simbooth.com\/fr\/wp-json\/wp\/v2\/product\/2363","targetHints":{"allow":["GET"]}}],"collection":[{"href":"https:\/\/simbooth.com\/fr\/wp-json\/wp\/v2\/product"}],"about":[{"href":"https:\/\/simbooth.com\/fr\/wp-json\/wp\/v2\/types\/product"}],"replies":[{"embeddable":true,"href":"https:\/\/simbooth.com\/fr\/wp-json\/wp\/v2\/comments?post=2363"}],"wp:featuredmedia":[{"embeddable":true,"href":"https:\/\/simbooth.com\/fr\/wp-json\/wp\/v2\/media\/2241"}],"wp:attachment":[{"href":"https:\/\/simbooth.com\/fr\/wp-json\/wp\/v2\/media?parent=2363"}],"wp:term":[{"taxonomy":"product_brand","embeddable":true,"href":"https:\/\/simbooth.com\/fr\/wp-json\/wp\/v2\/product_brand?post=2363"},{"taxonomy":"product_cat","embeddable":true,"href":"https:\/\/simbooth.com\/fr\/wp-json\/wp\/v2\/product_cat?post=2363"},{"taxonomy":"product_tag","embeddable":true,"href":"https:\/\/simbooth.com\/fr\/wp-json\/wp\/v2\/product_tag?post=2363"}],"curies":[{"name":"wp","href":"https:\/\/api.w.org\/{rel}","templated":true}]}}