{"id":2334,"date":"2020-11-22T17:52:38","date_gmt":"2020-11-22T22:52:38","guid":{"rendered":"https:\/\/simbooth.com\/product\/simbooth-1\/"},"modified":"2026-03-02T15:19:50","modified_gmt":"2026-03-02T20:19:50","slug":"simbooth-1","status":"publish","type":"product","link":"https:\/\/simbooth.com\/fr\/produit\/simbooth-1\/","title":{"rendered":"SimBooth 1"},"content":{"rendered":"","protected":false},"excerpt":{"rendered":"<p>Le SimBooth 1 est la structure de golf int\u00e9rieur id\u00e9ale pour les espaces restreints. En tant que mod\u00e8le le plus compact, elle peut \u00eatre install\u00e9e facilement par deux personnes. Une fois toutes les pi\u00e8ces sorties de la bo\u00eete, vous pourrez monter votre structure et transformer votre espace en un rien de temps.<\/p>\n","protected":false},"featured_media":1975,"comment_status":"open","ping_status":"closed","template":"","meta":{"_acf_changed":false},"product_brand":[],"product_cat":[145],"product_tag":[],"class_list":{"0":"post-2334","1":"product","2":"type-product","3":"status-publish","4":"has-post-thumbnail","6":"product_cat-configurateur","8":"first","9":"instock","10":"taxable","11":"shipping-taxable","12":"purchasable","13":"product-type-simple"},"acf":[],"yoast_head":"<!-- This site is optimized with the Yoast SEO plugin v27.5 - https:\/\/yoast.com\/product\/yoast-seo-wordpress\/ -->\n<title>SimBooth 1 - SimBooth<\/title>\n<meta name=\"robots\" content=\"index, follow, max-snippet:-1, max-image-preview:large, max-video-preview:-1\" \/>\n<link rel=\"canonical\" href=\"https:\/\/simbooth.com\/fr\/produit\/simbooth-1\/\" \/>\n<meta property=\"og:locale\" content=\"fr_FR\" \/>\n<meta property=\"og:type\" content=\"article\" \/>\n<meta property=\"og:title\" content=\"SimBooth 1 - SimBooth\" \/>\n<meta property=\"og:description\" content=\"Le SimBooth 1 est la structure de golf int\u00e9rieur id\u00e9ale pour les espaces restreints. En tant que mod\u00e8le le plus compact, elle peut \u00eatre install\u00e9e facilement par deux personnes. Une fois toutes les pi\u00e8ces sorties de la bo\u00eete, vous pourrez monter votre structure et transformer votre espace en un rien de temps.\" \/>\n<meta property=\"og:url\" content=\"https:\/\/simbooth.com\/fr\/produit\/simbooth-1\/\" \/>\n<meta property=\"og:site_name\" content=\"SimBooth\" \/>\n<meta property=\"article:modified_time\" content=\"2026-03-02T20:19:50+00:00\" \/>\n<meta property=\"og:image\" content=\"https:\/\/simbooth.com\/wp-content\/uploads\/2021\/01\/configurator.jpg\" \/>\n\t<meta property=\"og:image:width\" content=\"500\" \/>\n\t<meta property=\"og:image:height\" content=\"500\" \/>\n\t<meta property=\"og:image:type\" content=\"image\/jpeg\" \/>\n<meta name=\"twitter:card\" content=\"summary_large_image\" \/>\n<meta name=\"twitter:label1\" content=\"Dur\u00e9e de lecture estim\u00e9e\" \/>\n\t<meta name=\"twitter:data1\" content=\"1 minute\" \/>\n<script type=\"application\/ld+json\" class=\"yoast-schema-graph\">{\"@context\":\"https:\\\/\\\/schema.org\",\"@graph\":[{\"@type\":\"WebPage\",\"@id\":\"https:\\\/\\\/simbooth.com\\\/fr\\\/produit\\\/simbooth-1\\\/\",\"url\":\"https:\\\/\\\/simbooth.com\\\/fr\\\/produit\\\/simbooth-1\\\/\",\"name\":\"SimBooth 1 - SimBooth\",\"isPartOf\":{\"@id\":\"https:\\\/\\\/simbooth.com\\\/fr\\\/#website\"},\"primaryImageOfPage\":{\"@id\":\"https:\\\/\\\/simbooth.com\\\/fr\\\/produit\\\/simbooth-1\\\/#primaryimage\"},\"image\":{\"@id\":\"https:\\\/\\\/simbooth.com\\\/fr\\\/produit\\\/simbooth-1\\\/#primaryimage\"},\"thumbnailUrl\":\"https:\\\/\\\/simbooth.com\\\/wp-content\\\/uploads\\\/2021\\\/01\\\/configurator.jpg\",\"datePublished\":\"2020-11-22T22:52:38+00:00\",\"dateModified\":\"2026-03-02T20:19:50+00:00\",\"breadcrumb\":{\"@id\":\"https:\\\/\\\/simbooth.com\\\/fr\\\/produit\\\/simbooth-1\\\/#breadcrumb\"},\"inLanguage\":\"fr-FR\",\"potentialAction\":[{\"@type\":\"ReadAction\",\"target\":[\"https:\\\/\\\/simbooth.com\\\/fr\\\/produit\\\/simbooth-1\\\/\"]}]},{\"@type\":\"ImageObject\",\"inLanguage\":\"fr-FR\",\"@id\":\"https:\\\/\\\/simbooth.com\\\/fr\\\/produit\\\/simbooth-1\\\/#primaryimage\",\"url\":\"https:\\\/\\\/simbooth.com\\\/wp-content\\\/uploads\\\/2021\\\/01\\\/configurator.jpg\",\"contentUrl\":\"https:\\\/\\\/simbooth.com\\\/wp-content\\\/uploads\\\/2021\\\/01\\\/configurator.jpg\",\"width\":500,\"height\":500},{\"@type\":\"BreadcrumbList\",\"@id\":\"https:\\\/\\\/simbooth.com\\\/fr\\\/produit\\\/simbooth-1\\\/#breadcrumb\",\"itemListElement\":[{\"@type\":\"ListItem\",\"position\":1,\"name\":\"Home\",\"item\":\"https:\\\/\\\/simbooth.com\\\/fr\\\/\"},{\"@type\":\"ListItem\",\"position\":2,\"name\":\"Boutique\",\"item\":\"https:\\\/\\\/simbooth.com\\\/fr\\\/boutique\\\/\"},{\"@type\":\"ListItem\",\"position\":3,\"name\":\"SimBooth 1\"}]},{\"@type\":\"WebSite\",\"@id\":\"https:\\\/\\\/simbooth.com\\\/fr\\\/#website\",\"url\":\"https:\\\/\\\/simbooth.com\\\/fr\\\/\",\"name\":\"SimBooth\",\"description\":\"\",\"publisher\":{\"@id\":\"https:\\\/\\\/simbooth.com\\\/fr\\\/#organization\"},\"potentialAction\":[{\"@type\":\"SearchAction\",\"target\":{\"@type\":\"EntryPoint\",\"urlTemplate\":\"https:\\\/\\\/simbooth.com\\\/fr\\\/?s={search_term_string}\"},\"query-input\":{\"@type\":\"PropertyValueSpecification\",\"valueRequired\":true,\"valueName\":\"search_term_string\"}}],\"inLanguage\":\"fr-FR\"},{\"@type\":\"Organization\",\"@id\":\"https:\\\/\\\/simbooth.com\\\/fr\\\/#organization\",\"name\":\"SimBooth\",\"url\":\"https:\\\/\\\/simbooth.com\\\/fr\\\/\",\"logo\":{\"@type\":\"ImageObject\",\"inLanguage\":\"fr-FR\",\"@id\":\"https:\\\/\\\/simbooth.com\\\/fr\\\/#\\\/schema\\\/logo\\\/image\\\/\",\"url\":\"https:\\\/\\\/simbooth.com\\\/wp-content\\\/uploads\\\/2020\\\/10\\\/cropped-icon.png\",\"contentUrl\":\"https:\\\/\\\/simbooth.com\\\/wp-content\\\/uploads\\\/2020\\\/10\\\/cropped-icon.png\",\"width\":512,\"height\":512,\"caption\":\"SimBooth\"},\"image\":{\"@id\":\"https:\\\/\\\/simbooth.com\\\/fr\\\/#\\\/schema\\\/logo\\\/image\\\/\"}}]}<\/script>\n<!-- \/ Yoast SEO plugin. -->","yoast_head_json":{"title":"SimBooth 1 - SimBooth","robots":{"index":"index","follow":"follow","max-snippet":"max-snippet:-1","max-image-preview":"max-image-preview:large","max-video-preview":"max-video-preview:-1"},"canonical":"https:\/\/simbooth.com\/fr\/produit\/simbooth-1\/","og_locale":"fr_FR","og_type":"article","og_title":"SimBooth 1 - SimBooth","og_description":"Le SimBooth 1 est la structure de golf int\u00e9rieur id\u00e9ale pour les espaces restreints. En tant que mod\u00e8le le plus compact, elle peut \u00eatre install\u00e9e facilement par deux personnes. Une fois toutes les pi\u00e8ces sorties de la bo\u00eete, vous pourrez monter votre structure et transformer votre espace en un rien de temps.","og_url":"https:\/\/simbooth.com\/fr\/produit\/simbooth-1\/","og_site_name":"SimBooth","article_modified_time":"2026-03-02T20:19:50+00:00","og_image":[{"width":500,"height":500,"url":"https:\/\/simbooth.com\/wp-content\/uploads\/2021\/01\/configurator.jpg","type":"image\/jpeg"}],"twitter_card":"summary_large_image","twitter_misc":{"Dur\u00e9e de lecture estim\u00e9e":"1 minute"},"schema":{"@context":"https:\/\/schema.org","@graph":[{"@type":"WebPage","@id":"https:\/\/simbooth.com\/fr\/produit\/simbooth-1\/","url":"https:\/\/simbooth.com\/fr\/produit\/simbooth-1\/","name":"SimBooth 1 - SimBooth","isPartOf":{"@id":"https:\/\/simbooth.com\/fr\/#website"},"primaryImageOfPage":{"@id":"https:\/\/simbooth.com\/fr\/produit\/simbooth-1\/#primaryimage"},"image":{"@id":"https:\/\/simbooth.com\/fr\/produit\/simbooth-1\/#primaryimage"},"thumbnailUrl":"https:\/\/simbooth.com\/wp-content\/uploads\/2021\/01\/configurator.jpg","datePublished":"2020-11-22T22:52:38+00:00","dateModified":"2026-03-02T20:19:50+00:00","breadcrumb":{"@id":"https:\/\/simbooth.com\/fr\/produit\/simbooth-1\/#breadcrumb"},"inLanguage":"fr-FR","potentialAction":[{"@type":"ReadAction","target":["https:\/\/simbooth.com\/fr\/produit\/simbooth-1\/"]}]},{"@type":"ImageObject","inLanguage":"fr-FR","@id":"https:\/\/simbooth.com\/fr\/produit\/simbooth-1\/#primaryimage","url":"https:\/\/simbooth.com\/wp-content\/uploads\/2021\/01\/configurator.jpg","contentUrl":"https:\/\/simbooth.com\/wp-content\/uploads\/2021\/01\/configurator.jpg","width":500,"height":500},{"@type":"BreadcrumbList","@id":"https:\/\/simbooth.com\/fr\/produit\/simbooth-1\/#breadcrumb","itemListElement":[{"@type":"ListItem","position":1,"name":"Home","item":"https:\/\/simbooth.com\/fr\/"},{"@type":"ListItem","position":2,"name":"Boutique","item":"https:\/\/simbooth.com\/fr\/boutique\/"},{"@type":"ListItem","position":3,"name":"SimBooth 1"}]},{"@type":"WebSite","@id":"https:\/\/simbooth.com\/fr\/#website","url":"https:\/\/simbooth.com\/fr\/","name":"SimBooth","description":"","publisher":{"@id":"https:\/\/simbooth.com\/fr\/#organization"},"potentialAction":[{"@type":"SearchAction","target":{"@type":"EntryPoint","urlTemplate":"https:\/\/simbooth.com\/fr\/?s={search_term_string}"},"query-input":{"@type":"PropertyValueSpecification","valueRequired":true,"valueName":"search_term_string"}}],"inLanguage":"fr-FR"},{"@type":"Organization","@id":"https:\/\/simbooth.com\/fr\/#organization","name":"SimBooth","url":"https:\/\/simbooth.com\/fr\/","logo":{"@type":"ImageObject","inLanguage":"fr-FR","@id":"https:\/\/simbooth.com\/fr\/#\/schema\/logo\/image\/","url":"https:\/\/simbooth.com\/wp-content\/uploads\/2020\/10\/cropped-icon.png","contentUrl":"https:\/\/simbooth.com\/wp-content\/uploads\/2020\/10\/cropped-icon.png","width":512,"height":512,"caption":"SimBooth"},"image":{"@id":"https:\/\/simbooth.com\/fr\/#\/schema\/logo\/image\/"}}]}},"_links":{"self":[{"href":"https:\/\/simbooth.com\/fr\/wp-json\/wp\/v2\/product\/2334","targetHints":{"allow":["GET"]}}],"collection":[{"href":"https:\/\/simbooth.com\/fr\/wp-json\/wp\/v2\/product"}],"about":[{"href":"https:\/\/simbooth.com\/fr\/wp-json\/wp\/v2\/types\/product"}],"replies":[{"embeddable":true,"href":"https:\/\/simbooth.com\/fr\/wp-json\/wp\/v2\/comments?post=2334"}],"wp:featuredmedia":[{"embeddable":true,"href":"https:\/\/simbooth.com\/fr\/wp-json\/wp\/v2\/media\/1975"}],"wp:attachment":[{"href":"https:\/\/simbooth.com\/fr\/wp-json\/wp\/v2\/media?parent=2334"}],"wp:term":[{"taxonomy":"product_brand","embeddable":true,"href":"https:\/\/simbooth.com\/fr\/wp-json\/wp\/v2\/product_brand?post=2334"},{"taxonomy":"product_cat","embeddable":true,"href":"https:\/\/simbooth.com\/fr\/wp-json\/wp\/v2\/product_cat?post=2334"},{"taxonomy":"product_tag","embeddable":true,"href":"https:\/\/simbooth.com\/fr\/wp-json\/wp\/v2\/product_tag?post=2334"}],"curies":[{"name":"wp","href":"https:\/\/api.w.org\/{rel}","templated":true}]}}