{"id":2311,"date":"2021-05-14T13:12:19","date_gmt":"2021-05-14T17:12:19","guid":{"rendered":"https:\/\/simbooth.com\/modality-and-return-policy\/"},"modified":"2026-03-09T11:25:30","modified_gmt":"2026-03-09T15:25:30","slug":"modalites-et-politique-de-retour","status":"publish","type":"page","link":"https:\/\/simbooth.com\/fr\/modalites-et-politique-de-retour\/","title":{"rendered":"Modalit\u00e9s et politique de retour"},"content":{"rendered":"<div id=\"pl-2311\"  class=\"panel-layout\" ><div id=\"pg-2311-0\"  class=\"panel-grid panel-has-style\" ><div class=\"row_spacing siteorigin-panels-stretch panel-row-style panel-row-style-for-2311-0\" data-stretch-type=\"full-width-stretch\" ><div id=\"pgc-2311-0-0\"  class=\"panel-grid-cell\" ><div id=\"panel-2311-0-0-0\" class=\"so-panel widget widget_sow-editor panel-first-child panel-last-child\" data-index=\"0\" ><div\n\t\t\t\n\t\t\tclass=\"so-widget-sow-editor so-widget-sow-editor-base\"\n\t\t\t\n\t\t>\n<div class=\"siteorigin-widget-tinymce textwidget\">\n\t<h1>CONDITIONS<\/h1>\n<p><strong>SimBooth<\/strong> vous souhaite la bienvenue dans sa boutique en ligne. M\u00eame si nous avons pris toutes les mesures n\u00e9cessaires pour assurer l'exactitude des informations sur notre site web, nous ne garantissons pas que les renseignements ou \u00e9l\u00e9ments qui s'y trouvent sont parfaitement \u00e0 jour et exempts d\u2019erreurs. Notre boutique n'assume aucune responsabilit\u00e9 pour les erreurs qui pourraient appara\u00eetre dans le contenu de son site web, notamment en ce qui concerne la description des produits, leurs prix ou leur disponibilit\u00e9.<\/p>\n<hr \/>\n<h3>VENTE<\/h3>\n<p>La vente d\u2019un produit que vous souhaitez commander via le site web prend effet lorsque vous avez compl\u00e9t\u00e9 le processus de commande et effectu\u00e9 le paiement du prix de vente. Ce prix est indiqu\u00e9 \u00e0 c\u00f4t\u00e9 du produit sur le site au moment o\u00f9 votre commande est finalis\u00e9e. Les taxes de vente f\u00e9d\u00e9rales et provinciales s\u2019ajoutent au prix de vente. Le paiement s\u2019effectue par carte Visa ou MasterCard via les syst\u00e8mes s\u00e9curis\u00e9s PayPal ou Stripe.<\/p>\n<p>Si le produit command\u00e9 n\u2019est pas disponible au moment de l\u2019exp\u00e9dition, SimBooth vous en informera par courriel. Vous aurez alors le choix : i) d\u2019annuler la vente, auquel cas SimBooth vous remboursera int\u00e9gralement le montant pay\u00e9, ou ii) de remplacer le produit.<\/p>\n<hr \/>\n<h3>S\u00c9CURIT\u00c9 ET PAIEMENT<\/h3>\n<p>Les renseignements personnels re\u00e7us par courriel seront partag\u00e9s avec le personnel de SimBooth afin de r\u00e9pondre aux demandes de produits et services. Nous ne communiquons votre adresse courriel ou tout autre renseignement \u00e0 un tiers que si vous nous y avez autoris\u00e9s.<\/p>\n<hr \/>\n<h3>EXP\u00c9DITION ET LIVRAISON<\/h3>\n<p><strong>PRODUITS<\/strong><br \/>\nNous livrerons les produits command\u00e9s \u00e0 l\u2019adresse fournie lors de la commande, par Postes Canada ou un transporteur ind\u00e9pendant. SimBooth ne pourra \u00eatre tenu responsable d\u2019un d\u00e9faut de livraison, ni des blessures ou dommages, directs ou indirects, que vous pourriez subir. Aucune livraison ne sera effectu\u00e9e \u00e0 une case postale.<\/p>\n<p>Les frais de livraison ne sont pas inclus. Les d\u00e9lais de livraison varient de 7 \u00e0 21 jours ouvrables, selon la r\u00e9gion. La livraison est limit\u00e9e au Canada et aux \u00c9tats-Unis. Une livraison internationale est possible apr\u00e8s discussion avec l\u2019un de nos repr\u00e9sentants aux ventes.<\/p>\n<p>Lors de la commande, un courriel de confirmation de SimBooth sera envoy\u00e9 \u00e0 l\u2019adresse \u00e9lectronique fournie lors de l\u2019achat, dans un d\u00e9lai de 24 heures. Pour recevoir ce courriel, vous devez avoir pay\u00e9 votre commande via Stripe et re\u00e7u une confirmation de leur part. Si vous ne recevez pas ce courriel, veuillez nous contacter \u00e0 info@simbooth.com. Les articles sont exp\u00e9di\u00e9s sous r\u00e9serve de disponibilit\u00e9, puisque le stock n\u2019est pas garanti au moment de la commande. Le traitement des commandes pass\u00e9es pendant les jours f\u00e9ri\u00e9s peut entra\u00eener un l\u00e9ger d\u00e9lai.<\/p>\n<p>Il vous incombe de v\u00e9rifier l\u2019exactitude de la description du produit, du prix et des informations de facturation et, si n\u00e9cessaire, de corriger toute erreur ou inexactitude. Si cela vous est impossible, vous devez imm\u00e9diatement en informer <strong>SimBooth<\/strong>\u00a0par courriel \u00e0 <a href=\"mailto:info@simbooth.com\">info@simbooth.com<\/a>.<\/p>\n<p>De plus, vous d\u00e9clarez que les renseignements personnels fournis \u00e0 SimBooth pour la facturation et la finalisation de l\u2019achat sont exacts. Vous d\u00e9clarez \u00e9galement \u00eatre le d\u00e9tenteur l\u00e9gitime de la carte de cr\u00e9dit utilis\u00e9e pour le paiement du prix de d\u00e9tail et des taxes sur tout produit achet\u00e9.<\/p>\n<p>Nous vous recommandons d\u2019imprimer une copie du courriel de confirmation afin de v\u00e9rifier que les informations qu\u2019il contient sont exactes et de rev\u00e9rifier votre commande.<\/p>\n<hr \/>\n<h3>PRISE DE POSSESSION ET TRANSFERT DES RISQUES<\/h3>\n<p>Les produits achet\u00e9s sur le site web de <strong>SimBooth<\/strong> seront livr\u00e9s par Postes Canada ou un transporteur ind\u00e9pendant, lesquels sont enti\u00e8rement ind\u00e9pendants de <strong>SimBooth<\/strong>.<\/p>\n<hr \/>\n<h3>POLITIQUE DE RETOUR ET ANNULATION DE COMMANDE<\/h3>\n<p>Aucun \u00e9change, retour, remboursement ou transfert \u00e0 un tiers ne sera accept\u00e9 apr\u00e8s l\u2019achat de produits sur le site web de <strong>SimBooth<\/strong>. Chaque commande est consid\u00e9r\u00e9e comme finale. Pour plus d\u2019informations, veuillez contacter un de nos repr\u00e9sentants du service \u00e0 la client\u00e8le au <a href=\"tel:8552285533\"><strong>877 228-5533<\/strong><\/a> ou par courriel \u00e0 <a href=\"mailto:info@simbooth.com\">info@simbooth.com<\/a>.<\/p>\n<hr \/>\n<h3>AVIS L\u00c9GAL<\/h3>\n<p>Ce site web appartient \u00e0 <strong>SimBooth<\/strong>. Bien que les informations, le mat\u00e9riel et les produits d\u00e9crits sur ce site soient mis \u00e0 jour aussi fr\u00e9quemment que possible, <strong>SimBooth<\/strong> ne peut garantir que les renseignements et produits sont effectivement \u00e0 jour, exacts, complets ou exempts d\u2019erreurs. Ces informations et produits peuvent \u00eatre modifi\u00e9s sans pr\u00e9avis. De plus, SimBooth ne peut \u00eatre tenu responsable des dommages de toute nature d\u00e9coulant de l\u2019utilisation ou de l\u2019impossibilit\u00e9 d\u2019utiliser les produits, des retards de livraison ou des livraisons incompl\u00e8tes.<\/p>\n<p>Cette entente est r\u00e9put\u00e9e conclue dans la province de Qu\u00e9bec; vous acceptez par les pr\u00e9sentes et reconnaissez irr\u00e9vocablement la comp\u00e9tence exclusive des tribunaux provinciaux si\u00e9geant dans le district de Beauce pour tout litige.<\/p>\n<\/div>\n<\/div><\/div><\/div><\/div><\/div><\/div>","protected":false},"excerpt":{"rendered":"<p>CONDITIONS SimBooth vous souhaite la bienvenue dans sa boutique en ligne. M\u00eame si nous avons pris toutes les mesures n\u00e9cessaires pour assurer l&rsquo;exactitude des informations sur notre site web, nous ne garantissons pas que les renseignements ou \u00e9l\u00e9ments qui s&rsquo;y trouvent sont parfaitement \u00e0 jour et exempts d\u2019erreurs. Notre boutique n&rsquo;assume aucune responsabilit\u00e9 pour les [&hellip;]<\/p>\n","protected":false},"author":1,"featured_media":0,"parent":0,"menu_order":0,"comment_status":"closed","ping_status":"closed","template":"","meta":{"_acf_changed":false,"footnotes":""},"class_list":["post-2311","page","type-page","status-publish","hentry"],"acf":[],"yoast_head":"<!-- This site is optimized with the Yoast SEO plugin v27.5 - https:\/\/yoast.com\/product\/yoast-seo-wordpress\/ -->\n<title>Modalit\u00e9s et politique de retour - SimBooth<\/title>\n<meta name=\"robots\" content=\"index, follow, max-snippet:-1, max-image-preview:large, max-video-preview:-1\" \/>\n<link rel=\"canonical\" href=\"https:\/\/simbooth.com\/fr\/modalites-et-politique-de-retour\/\" \/>\n<meta property=\"og:locale\" content=\"fr_FR\" \/>\n<meta property=\"og:type\" content=\"article\" \/>\n<meta property=\"og:title\" content=\"Modalit\u00e9s et politique de retour - SimBooth\" \/>\n<meta property=\"og:description\" content=\"CONDITIONS SimBooth vous souhaite la bienvenue dans sa boutique en ligne. M\u00eame si nous avons pris toutes les mesures n\u00e9cessaires pour assurer l&#039;exactitude des informations sur notre site web, nous ne garantissons pas que les renseignements ou \u00e9l\u00e9ments qui s&#039;y trouvent sont parfaitement \u00e0 jour et exempts d\u2019erreurs. Notre boutique n&#039;assume aucune responsabilit\u00e9 pour les [&hellip;]\" \/>\n<meta property=\"og:url\" content=\"https:\/\/simbooth.com\/fr\/modalites-et-politique-de-retour\/\" \/>\n<meta property=\"og:site_name\" content=\"SimBooth\" \/>\n<meta property=\"article:modified_time\" content=\"2026-03-09T15:25:30+00:00\" \/>\n<meta property=\"og:image\" content=\"https:\/\/simbooth.com\/wp-content\/uploads\/2020\/10\/facebook_share.png\" \/>\n\t<meta property=\"og:image:width\" content=\"1200\" \/>\n\t<meta property=\"og:image:height\" content=\"628\" \/>\n\t<meta property=\"og:image:type\" content=\"image\/png\" \/>\n<meta name=\"twitter:card\" content=\"summary_large_image\" \/>\n<meta name=\"twitter:label1\" content=\"Dur\u00e9e de lecture estim\u00e9e\" \/>\n\t<meta name=\"twitter:data1\" content=\"4 minutes\" \/>\n<script type=\"application\/ld+json\" class=\"yoast-schema-graph\">{\"@context\":\"https:\\\/\\\/schema.org\",\"@graph\":[{\"@type\":\"WebPage\",\"@id\":\"https:\\\/\\\/simbooth.com\\\/fr\\\/modalites-et-politique-de-retour\\\/\",\"url\":\"https:\\\/\\\/simbooth.com\\\/fr\\\/modalites-et-politique-de-retour\\\/\",\"name\":\"Modalit\u00e9s et politique de retour - SimBooth\",\"isPartOf\":{\"@id\":\"https:\\\/\\\/simbooth.com\\\/fr\\\/#website\"},\"datePublished\":\"2021-05-14T17:12:19+00:00\",\"dateModified\":\"2026-03-09T15:25:30+00:00\",\"breadcrumb\":{\"@id\":\"https:\\\/\\\/simbooth.com\\\/fr\\\/modalites-et-politique-de-retour\\\/#breadcrumb\"},\"inLanguage\":\"fr-FR\",\"potentialAction\":[{\"@type\":\"ReadAction\",\"target\":[\"https:\\\/\\\/simbooth.com\\\/fr\\\/modalites-et-politique-de-retour\\\/\"]}]},{\"@type\":\"BreadcrumbList\",\"@id\":\"https:\\\/\\\/simbooth.com\\\/fr\\\/modalites-et-politique-de-retour\\\/#breadcrumb\",\"itemListElement\":[{\"@type\":\"ListItem\",\"position\":1,\"name\":\"Home\",\"item\":\"https:\\\/\\\/simbooth.com\\\/fr\\\/\"},{\"@type\":\"ListItem\",\"position\":2,\"name\":\"Modalit\u00e9s et politique de retour\"}]},{\"@type\":\"WebSite\",\"@id\":\"https:\\\/\\\/simbooth.com\\\/fr\\\/#website\",\"url\":\"https:\\\/\\\/simbooth.com\\\/fr\\\/\",\"name\":\"SimBooth\",\"description\":\"\",\"publisher\":{\"@id\":\"https:\\\/\\\/simbooth.com\\\/fr\\\/#organization\"},\"potentialAction\":[{\"@type\":\"SearchAction\",\"target\":{\"@type\":\"EntryPoint\",\"urlTemplate\":\"https:\\\/\\\/simbooth.com\\\/fr\\\/?s={search_term_string}\"},\"query-input\":{\"@type\":\"PropertyValueSpecification\",\"valueRequired\":true,\"valueName\":\"search_term_string\"}}],\"inLanguage\":\"fr-FR\"},{\"@type\":\"Organization\",\"@id\":\"https:\\\/\\\/simbooth.com\\\/fr\\\/#organization\",\"name\":\"SimBooth\",\"url\":\"https:\\\/\\\/simbooth.com\\\/fr\\\/\",\"logo\":{\"@type\":\"ImageObject\",\"inLanguage\":\"fr-FR\",\"@id\":\"https:\\\/\\\/simbooth.com\\\/fr\\\/#\\\/schema\\\/logo\\\/image\\\/\",\"url\":\"https:\\\/\\\/simbooth.com\\\/wp-content\\\/uploads\\\/2020\\\/10\\\/cropped-icon.png\",\"contentUrl\":\"https:\\\/\\\/simbooth.com\\\/wp-content\\\/uploads\\\/2020\\\/10\\\/cropped-icon.png\",\"width\":512,\"height\":512,\"caption\":\"SimBooth\"},\"image\":{\"@id\":\"https:\\\/\\\/simbooth.com\\\/fr\\\/#\\\/schema\\\/logo\\\/image\\\/\"}}]}<\/script>\n<!-- \/ Yoast SEO plugin. -->","yoast_head_json":{"title":"Modalit\u00e9s et politique de retour - SimBooth","robots":{"index":"index","follow":"follow","max-snippet":"max-snippet:-1","max-image-preview":"max-image-preview:large","max-video-preview":"max-video-preview:-1"},"canonical":"https:\/\/simbooth.com\/fr\/modalites-et-politique-de-retour\/","og_locale":"fr_FR","og_type":"article","og_title":"Modalit\u00e9s et politique de retour - SimBooth","og_description":"CONDITIONS SimBooth vous souhaite la bienvenue dans sa boutique en ligne. M\u00eame si nous avons pris toutes les mesures n\u00e9cessaires pour assurer l'exactitude des informations sur notre site web, nous ne garantissons pas que les renseignements ou \u00e9l\u00e9ments qui s'y trouvent sont parfaitement \u00e0 jour et exempts d\u2019erreurs. Notre boutique n'assume aucune responsabilit\u00e9 pour les [&hellip;]","og_url":"https:\/\/simbooth.com\/fr\/modalites-et-politique-de-retour\/","og_site_name":"SimBooth","article_modified_time":"2026-03-09T15:25:30+00:00","og_image":[{"width":1200,"height":628,"url":"https:\/\/simbooth.com\/wp-content\/uploads\/2020\/10\/facebook_share.png","type":"image\/png"}],"twitter_card":"summary_large_image","twitter_misc":{"Dur\u00e9e de lecture estim\u00e9e":"4 minutes"},"schema":{"@context":"https:\/\/schema.org","@graph":[{"@type":"WebPage","@id":"https:\/\/simbooth.com\/fr\/modalites-et-politique-de-retour\/","url":"https:\/\/simbooth.com\/fr\/modalites-et-politique-de-retour\/","name":"Modalit\u00e9s et politique de retour - SimBooth","isPartOf":{"@id":"https:\/\/simbooth.com\/fr\/#website"},"datePublished":"2021-05-14T17:12:19+00:00","dateModified":"2026-03-09T15:25:30+00:00","breadcrumb":{"@id":"https:\/\/simbooth.com\/fr\/modalites-et-politique-de-retour\/#breadcrumb"},"inLanguage":"fr-FR","potentialAction":[{"@type":"ReadAction","target":["https:\/\/simbooth.com\/fr\/modalites-et-politique-de-retour\/"]}]},{"@type":"BreadcrumbList","@id":"https:\/\/simbooth.com\/fr\/modalites-et-politique-de-retour\/#breadcrumb","itemListElement":[{"@type":"ListItem","position":1,"name":"Home","item":"https:\/\/simbooth.com\/fr\/"},{"@type":"ListItem","position":2,"name":"Modalit\u00e9s et politique de retour"}]},{"@type":"WebSite","@id":"https:\/\/simbooth.com\/fr\/#website","url":"https:\/\/simbooth.com\/fr\/","name":"SimBooth","description":"","publisher":{"@id":"https:\/\/simbooth.com\/fr\/#organization"},"potentialAction":[{"@type":"SearchAction","target":{"@type":"EntryPoint","urlTemplate":"https:\/\/simbooth.com\/fr\/?s={search_term_string}"},"query-input":{"@type":"PropertyValueSpecification","valueRequired":true,"valueName":"search_term_string"}}],"inLanguage":"fr-FR"},{"@type":"Organization","@id":"https:\/\/simbooth.com\/fr\/#organization","name":"SimBooth","url":"https:\/\/simbooth.com\/fr\/","logo":{"@type":"ImageObject","inLanguage":"fr-FR","@id":"https:\/\/simbooth.com\/fr\/#\/schema\/logo\/image\/","url":"https:\/\/simbooth.com\/wp-content\/uploads\/2020\/10\/cropped-icon.png","contentUrl":"https:\/\/simbooth.com\/wp-content\/uploads\/2020\/10\/cropped-icon.png","width":512,"height":512,"caption":"SimBooth"},"image":{"@id":"https:\/\/simbooth.com\/fr\/#\/schema\/logo\/image\/"}}]}},"_links":{"self":[{"href":"https:\/\/simbooth.com\/fr\/wp-json\/wp\/v2\/pages\/2311","targetHints":{"allow":["GET"]}}],"collection":[{"href":"https:\/\/simbooth.com\/fr\/wp-json\/wp\/v2\/pages"}],"about":[{"href":"https:\/\/simbooth.com\/fr\/wp-json\/wp\/v2\/types\/page"}],"author":[{"embeddable":true,"href":"https:\/\/simbooth.com\/fr\/wp-json\/wp\/v2\/users\/1"}],"replies":[{"embeddable":true,"href":"https:\/\/simbooth.com\/fr\/wp-json\/wp\/v2\/comments?post=2311"}],"version-history":[{"count":3,"href":"https:\/\/simbooth.com\/fr\/wp-json\/wp\/v2\/pages\/2311\/revisions"}],"predecessor-version":[{"id":3237,"href":"https:\/\/simbooth.com\/fr\/wp-json\/wp\/v2\/pages\/2311\/revisions\/3237"}],"wp:attachment":[{"href":"https:\/\/simbooth.com\/fr\/wp-json\/wp\/v2\/media?parent=2311"}],"curies":[{"name":"wp","href":"https:\/\/api.w.org\/{rel}","templated":true}]}}