{"id":2308,"date":"2020-07-02T22:19:41","date_gmt":"2020-07-03T02:19:41","guid":{"rendered":"https:\/\/simbooth.com\/privacy-policy\/"},"modified":"2025-05-23T14:06:06","modified_gmt":"2025-05-23T18:06:06","slug":"politique-de-confidentialite","status":"publish","type":"page","link":"https:\/\/simbooth.com\/fr\/politique-de-confidentialite\/","title":{"rendered":"Politique de confidentialit\u00e9"},"content":{"rendered":"<div id=\"pl-2308\"  class=\"panel-layout\" ><div id=\"pg-2308-0\"  class=\"panel-grid panel-has-style\" ><div class=\"row_spacing panel-row-style panel-row-style-for-2308-0\" ><div id=\"pgc-2308-0-0\"  class=\"panel-grid-cell\" ><div id=\"panel-2308-0-0-0\" class=\"so-panel widget widget_black-studio-tinymce widget_black_studio_tinymce panel-first-child panel-last-child\" data-index=\"0\" ><div class=\"textwidget\"><h1>Politique de confidentialit\u00e9<\/h1>\n<p><strong>Introduction<\/strong><br \/>\n\u00c9tant donn\u00e9 le d\u00e9veloppement des nouveaux outils de communication, il est essentiel de faire preuve d\u2019une vigilance particuli\u00e8re en mati\u00e8re de protection de la vie priv\u00e9e. C\u2019est pourquoi nous nous engageons \u00e0 respecter la confidentialit\u00e9 des renseignements personnels que nous collectons.<\/p>\n<hr \/>\n<h3>COLLECTE DES RENSEIGNEMENTS PERSONNELS<\/h3>\n<p>Nous collectons les renseignements suivants :<\/p>\n<ul>\n<li>Nom<\/li>\n<li>Pr\u00e9nom<\/li>\n<li>Adresse \u00e9lectronique<\/li>\n<li>Num\u00e9ro de t\u00e9l\u00e9phone\/t\u00e9l\u00e9copieur<\/li>\n<\/ul>\n<p>Les renseignements personnels que nous collectons sont recueillis au moyen de formulaires et de vos interactions avec notre site web. Nous utilisons \u00e9galement, comme d\u00e9crit dans la section suivante, des fichiers t\u00e9moins (cookies) et\/ou des fichiers journaux (logs) pour recueillir des informations vous concernant.<\/p>\n<hr \/>\n<h3>FORMULAIRES ET INTERACTIVIT\u00c9<\/h3>\n<p>Vos renseignements personnels sont collect\u00e9s par le biais des formulaires suivants\u00a0:<\/p>\n<ul>\n<li>Formulaire de demande d\u2019information<\/li>\n<li>Formulaire de candidature<\/li>\n<li>Formulaire de demande de rencontre<\/li>\n<\/ul>\n<p>Nous utilisons les renseignements ainsi collect\u00e9s pour les finalit\u00e9s suivantes\u00a0:<\/p>\n<ul>\n<li>Contact<\/li>\n<li>Gestion du site web<\/li>\n<li>Suivi client<\/li>\n<\/ul>\n<hr \/>\n<h3>FICHIERS JOURNAUX (LOGS) ET T\u00c9MOINS (COOKIES)<\/h3>\n<p>Nous recueillons certaines informations par le biais de fichiers journaux (logs) et de t\u00e9moins (cookies), principalement les suivantes :<\/p>\n<h3>DONN\u00c9ES STATISTIQUES ANONYMES<\/h3>\n<p>Nous utilisons des outils de r\u00e9cup\u00e9ration de donn\u00e9es anonymes telles que la provenance, le type de navigateur que vous utilisez, le nombre de pages vues, afin d\u2019am\u00e9liorer notre site web et de mieux vous servir.<\/p>\n<ul>\n<li>Google Analytics - <a href=\"https:\/\/policies.google.com\/privacy?hl=fr\" target=\"_blank\" rel=\"noopener\">Politique de confidentialit\u00e9 de Google Analytics Remarketing (publicit\u00e9)<\/a><\/li>\n<li>Remarketing (publicit\u00e9)<br \/>\nCes donn\u00e9es nous permettent d\u2019afficher des publicit\u00e9s sur d\u2019autres sites en fonction de vos pr\u00e9f\u00e9rences lors de votre navigation sur notre site. Vous pouvez toujours supprimer ces informations en suivant la proc\u00e9dure d\u00e9crite dans la <a href=\"https:\/\/policies.google.com\/privacy?hl=fr\" target=\"_blank\" rel=\"noopener\">politique de confidentialit\u00e9 de Google Analytics<\/a>.<\/li>\n<\/ul>\n<p>L\u2019utilisation de ces fichiers nous permet notamment de :<\/p>\n<ul>\n<li>Obtenir des donn\u00e9es anonymes sur l\u2019utilisation du site.<\/li>\n<li>Am\u00e9liorer la qualit\u00e9, l\u2019affichage et la performance du contenu du site.<\/li>\n<\/ul>\n<hr \/>\n<h3>DROIT D\u2019OPPOSITION ET DE RETRAIT<\/h3>\n<p>Nous nous engageons \u00e0 vous offrir un droit d\u2019opposition et de retrait concernant vos renseignements personnels. Le droit d\u2019opposition s\u2019entend comme la possibilit\u00e9 offerte aux utilisateurs de refuser que leurs renseignements personnels soient utilis\u00e9s \u00e0 certaines fins mentionn\u00e9es lors de la collecte.<\/p>\n<p>Le droit de retrait s\u2019entend comme la possibilit\u00e9 offerte aux utilisateurs de demander \u00e0 ce que leurs renseignements personnels ne figurent plus, par exemple, sur une liste de diffusion.<\/p>\n<p>Pour exercer ces droits, vous pouvez \u00e9crire \u00e0 :<br \/>\n3960 boulevard Dionne, Saint-Georges, QC Canada<br \/>\nCourriel: info@simbooth.com<br \/>\nT\u00e9l\u00e9phone: 877 228-5533<\/p>\n<hr \/>\n<h3>DROIT D\u2019ACC\u00c8S<\/h3>\n<p>Nous nous engageons \u00e0 reconna\u00eetre un droit d\u2019acc\u00e8s et de rectification aux personnes concern\u00e9es d\u00e9sireuses de consulter, modifier ou m\u00eame radier les informations les concernant.<\/p>\n<p>Pour exercer ce droit, \u00e9crivez ou appelez :<br \/>\n3960 boulevard Dionne, Saint-Georges, QC Canada<br \/>\nCourriel: info@simbooth.com<br \/>\nT\u00e9l\u00e9phone: 877 228-5533<\/p>\n<hr \/>\n<h3>S\u00c9CURIT\u00c9<\/h3>\n<p>Les renseignements personnels que nous collectons sont conserv\u00e9s dans un environnement s\u00e9curis\u00e9. Les personnes travaillant pour nous sont tenues de respecter la confidentialit\u00e9 de vos informations.<\/p>\n<p>Pour assurer la s\u00e9curit\u00e9 de vos renseignements personnels, nous avons recours aux mesures suivantes :<\/p>\n<ul>\n<li>Protocole SSL (Secure Sockets Layer)<\/li>\n<li>Sauvegarde informatique<\/li>\n<li>Identifiant \/ mot de passe<\/li>\n<li>Pare-feu<\/li>\n<\/ul>\n<p>Nous nous engageons \u00e0 maintenir un haut niveau de confidentialit\u00e9 en int\u00e9grant les derni\u00e8res innovations technologiques permettant d\u2019assurer la s\u00e9curit\u00e9 de vos transactions. Toutefois, comme aucun m\u00e9canisme n\u2019offre une s\u00e9curit\u00e9 maximale, une part de risque est toujours pr\u00e9sente lors de la transmission de renseignements personnels via Internet.<\/p>\n<\/div><\/div><\/div><\/div><\/div><\/div>","protected":false},"excerpt":{"rendered":"<p>Politique de confidentialit\u00e9 Introduction \u00c9tant donn\u00e9 le d\u00e9veloppement des nouveaux outils de communication, il est essentiel de faire preuve d\u2019une vigilance particuli\u00e8re en mati\u00e8re de protection de la vie priv\u00e9e. C\u2019est pourquoi nous nous engageons \u00e0 respecter la confidentialit\u00e9 des renseignements personnels que nous collectons. COLLECTE DES RENSEIGNEMENTS PERSONNELS Nous collectons les renseignements suivants : [&hellip;]<\/p>\n","protected":false},"author":1,"featured_media":0,"parent":0,"menu_order":120,"comment_status":"closed","ping_status":"open","template":"","meta":{"_acf_changed":false,"footnotes":""},"class_list":["post-2308","page","type-page","status-publish","hentry"],"acf":[],"yoast_head":"<!-- This site is optimized with the Yoast SEO plugin v27.5 - https:\/\/yoast.com\/product\/yoast-seo-wordpress\/ -->\n<title>Politique de confidentialit\u00e9 - SimBooth<\/title>\n<meta name=\"robots\" content=\"index, follow, max-snippet:-1, max-image-preview:large, max-video-preview:-1\" \/>\n<link rel=\"canonical\" href=\"https:\/\/simbooth.com\/fr\/politique-de-confidentialite\/\" \/>\n<meta property=\"og:locale\" content=\"fr_FR\" \/>\n<meta property=\"og:type\" content=\"article\" \/>\n<meta property=\"og:title\" content=\"Politique de confidentialit\u00e9 - SimBooth\" \/>\n<meta property=\"og:description\" content=\"Politique de confidentialit\u00e9 Introduction \u00c9tant donn\u00e9 le d\u00e9veloppement des nouveaux outils de communication, il est essentiel de faire preuve d\u2019une vigilance particuli\u00e8re en mati\u00e8re de protection de la vie priv\u00e9e. C\u2019est pourquoi nous nous engageons \u00e0 respecter la confidentialit\u00e9 des renseignements personnels que nous collectons. COLLECTE DES RENSEIGNEMENTS PERSONNELS Nous collectons les renseignements suivants : [&hellip;]\" \/>\n<meta property=\"og:url\" content=\"https:\/\/simbooth.com\/fr\/politique-de-confidentialite\/\" \/>\n<meta property=\"og:site_name\" content=\"SimBooth\" \/>\n<meta property=\"article:modified_time\" content=\"2025-05-23T18:06:06+00:00\" \/>\n<meta property=\"og:image\" content=\"https:\/\/simbooth.com\/wp-content\/uploads\/2020\/10\/facebook_share.png\" \/>\n\t<meta property=\"og:image:width\" content=\"1200\" \/>\n\t<meta property=\"og:image:height\" content=\"628\" \/>\n\t<meta property=\"og:image:type\" content=\"image\/png\" \/>\n<meta name=\"twitter:card\" content=\"summary_large_image\" \/>\n<meta name=\"twitter:label1\" content=\"Dur\u00e9e de lecture estim\u00e9e\" \/>\n\t<meta name=\"twitter:data1\" content=\"3 minutes\" \/>\n<script type=\"application\/ld+json\" class=\"yoast-schema-graph\">{\"@context\":\"https:\\\/\\\/schema.org\",\"@graph\":[{\"@type\":\"WebPage\",\"@id\":\"https:\\\/\\\/simbooth.com\\\/fr\\\/politique-de-confidentialite\\\/\",\"url\":\"https:\\\/\\\/simbooth.com\\\/fr\\\/politique-de-confidentialite\\\/\",\"name\":\"Politique de confidentialit\u00e9 - SimBooth\",\"isPartOf\":{\"@id\":\"https:\\\/\\\/simbooth.com\\\/fr\\\/#website\"},\"datePublished\":\"2020-07-03T02:19:41+00:00\",\"dateModified\":\"2025-05-23T18:06:06+00:00\",\"breadcrumb\":{\"@id\":\"https:\\\/\\\/simbooth.com\\\/fr\\\/politique-de-confidentialite\\\/#breadcrumb\"},\"inLanguage\":\"fr-FR\",\"potentialAction\":[{\"@type\":\"ReadAction\",\"target\":[\"https:\\\/\\\/simbooth.com\\\/fr\\\/politique-de-confidentialite\\\/\"]}]},{\"@type\":\"BreadcrumbList\",\"@id\":\"https:\\\/\\\/simbooth.com\\\/fr\\\/politique-de-confidentialite\\\/#breadcrumb\",\"itemListElement\":[{\"@type\":\"ListItem\",\"position\":1,\"name\":\"Home\",\"item\":\"https:\\\/\\\/simbooth.com\\\/fr\\\/\"},{\"@type\":\"ListItem\",\"position\":2,\"name\":\"Politique de confidentialit\u00e9\"}]},{\"@type\":\"WebSite\",\"@id\":\"https:\\\/\\\/simbooth.com\\\/fr\\\/#website\",\"url\":\"https:\\\/\\\/simbooth.com\\\/fr\\\/\",\"name\":\"SimBooth\",\"description\":\"\",\"publisher\":{\"@id\":\"https:\\\/\\\/simbooth.com\\\/fr\\\/#organization\"},\"potentialAction\":[{\"@type\":\"SearchAction\",\"target\":{\"@type\":\"EntryPoint\",\"urlTemplate\":\"https:\\\/\\\/simbooth.com\\\/fr\\\/?s={search_term_string}\"},\"query-input\":{\"@type\":\"PropertyValueSpecification\",\"valueRequired\":true,\"valueName\":\"search_term_string\"}}],\"inLanguage\":\"fr-FR\"},{\"@type\":\"Organization\",\"@id\":\"https:\\\/\\\/simbooth.com\\\/fr\\\/#organization\",\"name\":\"SimBooth\",\"url\":\"https:\\\/\\\/simbooth.com\\\/fr\\\/\",\"logo\":{\"@type\":\"ImageObject\",\"inLanguage\":\"fr-FR\",\"@id\":\"https:\\\/\\\/simbooth.com\\\/fr\\\/#\\\/schema\\\/logo\\\/image\\\/\",\"url\":\"https:\\\/\\\/simbooth.com\\\/wp-content\\\/uploads\\\/2020\\\/10\\\/cropped-icon.png\",\"contentUrl\":\"https:\\\/\\\/simbooth.com\\\/wp-content\\\/uploads\\\/2020\\\/10\\\/cropped-icon.png\",\"width\":512,\"height\":512,\"caption\":\"SimBooth\"},\"image\":{\"@id\":\"https:\\\/\\\/simbooth.com\\\/fr\\\/#\\\/schema\\\/logo\\\/image\\\/\"}}]}<\/script>\n<!-- \/ Yoast SEO plugin. -->","yoast_head_json":{"title":"Politique de confidentialit\u00e9 - SimBooth","robots":{"index":"index","follow":"follow","max-snippet":"max-snippet:-1","max-image-preview":"max-image-preview:large","max-video-preview":"max-video-preview:-1"},"canonical":"https:\/\/simbooth.com\/fr\/politique-de-confidentialite\/","og_locale":"fr_FR","og_type":"article","og_title":"Politique de confidentialit\u00e9 - SimBooth","og_description":"Politique de confidentialit\u00e9 Introduction \u00c9tant donn\u00e9 le d\u00e9veloppement des nouveaux outils de communication, il est essentiel de faire preuve d\u2019une vigilance particuli\u00e8re en mati\u00e8re de protection de la vie priv\u00e9e. C\u2019est pourquoi nous nous engageons \u00e0 respecter la confidentialit\u00e9 des renseignements personnels que nous collectons. COLLECTE DES RENSEIGNEMENTS PERSONNELS Nous collectons les renseignements suivants : [&hellip;]","og_url":"https:\/\/simbooth.com\/fr\/politique-de-confidentialite\/","og_site_name":"SimBooth","article_modified_time":"2025-05-23T18:06:06+00:00","og_image":[{"width":1200,"height":628,"url":"https:\/\/simbooth.com\/wp-content\/uploads\/2020\/10\/facebook_share.png","type":"image\/png"}],"twitter_card":"summary_large_image","twitter_misc":{"Dur\u00e9e de lecture estim\u00e9e":"3 minutes"},"schema":{"@context":"https:\/\/schema.org","@graph":[{"@type":"WebPage","@id":"https:\/\/simbooth.com\/fr\/politique-de-confidentialite\/","url":"https:\/\/simbooth.com\/fr\/politique-de-confidentialite\/","name":"Politique de confidentialit\u00e9 - SimBooth","isPartOf":{"@id":"https:\/\/simbooth.com\/fr\/#website"},"datePublished":"2020-07-03T02:19:41+00:00","dateModified":"2025-05-23T18:06:06+00:00","breadcrumb":{"@id":"https:\/\/simbooth.com\/fr\/politique-de-confidentialite\/#breadcrumb"},"inLanguage":"fr-FR","potentialAction":[{"@type":"ReadAction","target":["https:\/\/simbooth.com\/fr\/politique-de-confidentialite\/"]}]},{"@type":"BreadcrumbList","@id":"https:\/\/simbooth.com\/fr\/politique-de-confidentialite\/#breadcrumb","itemListElement":[{"@type":"ListItem","position":1,"name":"Home","item":"https:\/\/simbooth.com\/fr\/"},{"@type":"ListItem","position":2,"name":"Politique de confidentialit\u00e9"}]},{"@type":"WebSite","@id":"https:\/\/simbooth.com\/fr\/#website","url":"https:\/\/simbooth.com\/fr\/","name":"SimBooth","description":"","publisher":{"@id":"https:\/\/simbooth.com\/fr\/#organization"},"potentialAction":[{"@type":"SearchAction","target":{"@type":"EntryPoint","urlTemplate":"https:\/\/simbooth.com\/fr\/?s={search_term_string}"},"query-input":{"@type":"PropertyValueSpecification","valueRequired":true,"valueName":"search_term_string"}}],"inLanguage":"fr-FR"},{"@type":"Organization","@id":"https:\/\/simbooth.com\/fr\/#organization","name":"SimBooth","url":"https:\/\/simbooth.com\/fr\/","logo":{"@type":"ImageObject","inLanguage":"fr-FR","@id":"https:\/\/simbooth.com\/fr\/#\/schema\/logo\/image\/","url":"https:\/\/simbooth.com\/wp-content\/uploads\/2020\/10\/cropped-icon.png","contentUrl":"https:\/\/simbooth.com\/wp-content\/uploads\/2020\/10\/cropped-icon.png","width":512,"height":512,"caption":"SimBooth"},"image":{"@id":"https:\/\/simbooth.com\/fr\/#\/schema\/logo\/image\/"}}]}},"_links":{"self":[{"href":"https:\/\/simbooth.com\/fr\/wp-json\/wp\/v2\/pages\/2308","targetHints":{"allow":["GET"]}}],"collection":[{"href":"https:\/\/simbooth.com\/fr\/wp-json\/wp\/v2\/pages"}],"about":[{"href":"https:\/\/simbooth.com\/fr\/wp-json\/wp\/v2\/types\/page"}],"author":[{"embeddable":true,"href":"https:\/\/simbooth.com\/fr\/wp-json\/wp\/v2\/users\/1"}],"replies":[{"embeddable":true,"href":"https:\/\/simbooth.com\/fr\/wp-json\/wp\/v2\/comments?post=2308"}],"version-history":[{"count":5,"href":"https:\/\/simbooth.com\/fr\/wp-json\/wp\/v2\/pages\/2308\/revisions"}],"predecessor-version":[{"id":2469,"href":"https:\/\/simbooth.com\/fr\/wp-json\/wp\/v2\/pages\/2308\/revisions\/2469"}],"wp:attachment":[{"href":"https:\/\/simbooth.com\/fr\/wp-json\/wp\/v2\/media?parent=2308"}],"curies":[{"name":"wp","href":"https:\/\/api.w.org\/{rel}","templated":true}]}}