{"id":2296,"date":"2023-10-16T12:53:23","date_gmt":"2023-10-16T16:53:23","guid":{"rendered":"https:\/\/simbooth.com\/distributor-program\/"},"modified":"2025-06-25T08:39:40","modified_gmt":"2025-06-25T12:39:40","slug":"programme-de-distribution","status":"publish","type":"page","link":"https:\/\/simbooth.com\/fr\/programme-de-distribution\/","title":{"rendered":"Programme de Distribution"},"content":{"rendered":"<div id=\"pl-2296\"  class=\"panel-layout\" ><div id=\"pg-2296-0\"  class=\"panel-grid panel-has-style\" ><div class=\"row_spacing siteorigin-panels-stretch panel-row-style panel-row-style-for-2296-0\" data-stretch-type=\"full\" ><div id=\"pgc-2296-0-0\"  class=\"panel-grid-cell panel-grid-cell-empty\" ><\/div><div id=\"pgc-2296-0-1\"  class=\"panel-grid-cell\" ><div id=\"panel-2296-0-1-0\" class=\"so-panel widget widget_black-studio-tinymce widget_black_studio_tinymce panel-first-child\" data-index=\"0\" ><div class=\"title_top_line panel-widget-style panel-widget-style-for-2296-0-1-0\" ><div class=\"textwidget\"><h1><span style=\"color: #8b8b9d;\">PROGRAMME DE DISTRIBUTION DES STRUCTURES DE FRAPPES DE GOLF VIRTUEL SIMBOOTH<\/span><\/h1>\n<\/div><\/div><\/div><div id=\"panel-2296-0-1-1\" class=\"so-panel widget widget_black-studio-tinymce widget_black_studio_tinymce\" data-index=\"1\" ><div class=\"textwidget\"><h2>AM\u00c9LIOREZ VOTRE JEU EN REJOIGNANT NOTRE PROGRAMME DE DISTRIBUTEURS.<\/h2>\n<p>Vous cherchez un nouveau produit \u00e0 ajouter \u00e0 votre gamme? Rejoignez le r\u00e9seau de distributeurs SimBooth et augmentez vos revenus!<\/p>\n<p>S\u2019associer \u00e0 SimBooth, c\u2019est assurer le succ\u00e8s de votre entreprise. Profitez de structures de golf uniques, durables, robustes, au fini professionnel et faciles \u00e0 installer.<\/p>\n<\/div><\/div><div id=\"panel-2296-0-1-2\" class=\"so-panel widget widget_black-studio-tinymce widget_black_studio_tinymce\" data-index=\"2\" ><div class=\"box_spacing box_green panel-widget-style panel-widget-style-for-2296-0-1-2\" ><div class=\"textwidget\"><h2><span style=\"color: #f1f1f1;\">Ajoutez la meilleure structure de golf \u00e0 votre offre de produit<\/span><\/h2>\n<ul>\n<li><strong>Des composants con\u00e7us avec excellence et durabilit\u00e9<\/strong><\/li>\n<li><strong>Un fini esth\u00e9tique alli\u00e9 \u00e0 la performance<\/strong><\/li>\n<li><strong>Une qualit\u00e9 irr\u00e9prochable, une satisfaction garantie et des golfeurs combl\u00e9s<\/strong><\/li>\n<\/ul>\n<\/div><\/div><\/div><div id=\"panel-2296-0-1-3\" class=\"so-panel widget widget_black-studio-tinymce widget_black_studio_tinymce panel-last-child\" data-index=\"3\" ><div class=\"textwidget\"><h3>Saisissez cette opportunit\u00e9 d\u00e8s maintenant<\/h3>\n<p>Pour en savoir plus sur nos possibilit\u00e9s de distribution, remplissez le formulaire ci-dessous ou appelez-nous au <strong><a href=\"tel:18776512862\">1-877-651-2862<\/a><\/strong>. Un repr\u00e9sentant de SimBooth vous contactera sous peu.<\/p>\n<\/div><\/div><\/div><div id=\"pgc-2296-0-2\"  class=\"panel-grid-cell panel-grid-cell-mobile-last\" ><div id=\"panel-2296-0-2-0\" class=\"widget_text so-panel widget widget_custom_html panel-first-child\" data-index=\"4\" ><div class=\"textwidget custom-html-widget\"><p>\n\t&nbsp;\n<\/p><\/div><\/div><div id=\"panel-2296-0-2-1\" class=\"so-panel widget widget_black-studio-tinymce widget_black_studio_tinymce\" data-index=\"5\" ><div class=\"box_grey box_spacing btn_green panel-widget-style panel-widget-style-for-2296-0-2-1\" ><div class=\"textwidget\"><h2 style=\"text-align: center;\">D\u00c9J\u00c0 DISTRIBUTEUR?<\/h2>\n<p style=\"text-align: center;\">Connectez-vous \u00e0 notre espace partenaire!<\/p>\n<h6 style=\"text-align: center;\"><a href=\"https:\/\/www.simsportscorporation.net\/\" target=\"_blank\" rel=\"noopener\">Connexion<\/a><\/h6>\n<\/div><\/div><\/div><div id=\"panel-2296-0-2-2\" class=\"so-panel widget widget_black-studio-tinymce widget_black_studio_tinymce panel-last-child\" data-index=\"6\" ><div class=\"textwidget\"><p><img loading=\"lazy\" decoding=\"async\" class=\"alignnone size-full wp-image-664\" src=\"https:\/\/simbooth.com\/wp-content\/uploads\/2023\/10\/DistributorProgram-home-simulator.jpg\" alt=\"Distributor Program\" width=\"854\" height=\"1194\" \/><\/p>\n<\/div><\/div><\/div><div id=\"pgc-2296-0-3\"  class=\"panel-grid-cell panel-grid-cell-empty\" ><\/div><\/div><\/div><div id=\"pg-2296-1\"  class=\"panel-grid panel-has-style\" ><div class=\"row_spacing panel-row-style panel-row-style-for-2296-1\" ><div id=\"pgc-2296-1-0\"  class=\"panel-grid-cell panel-grid-cell-empty\" ><\/div><div id=\"pgc-2296-1-1\"  class=\"panel-grid-cell panel-grid-cell-mobile-last\" ><div id=\"panel-2296-1-1-0\" class=\"so-panel widget widget_black-studio-tinymce widget_black_studio_tinymce panel-first-child panel-last-child\" data-index=\"7\" ><div class=\"textwidget\"><p>\n<div class=\"wpcf7 no-js\" id=\"wpcf7-f2343-o1\" lang=\"fr-FR\" dir=\"ltr\" data-wpcf7-id=\"2343\">\n<div class=\"screen-reader-response\"><p role=\"status\" aria-live=\"polite\" aria-atomic=\"true\"><\/p> <ul><\/ul><\/div>\n<form action=\"\/fr\/wp-json\/wp\/v2\/pages\/2296#wpcf7-f2343-o1\" method=\"post\" class=\"wpcf7-form init\" aria-label=\"Formulaire de contact\" novalidate=\"novalidate\" data-status=\"init\">\n<fieldset class=\"hidden-fields-container\"><input type=\"hidden\" name=\"_wpcf7\" value=\"2343\" \/><input type=\"hidden\" name=\"_wpcf7_version\" value=\"6.1.5\" \/><input type=\"hidden\" name=\"_wpcf7_locale\" value=\"fr_FR\" \/><input type=\"hidden\" name=\"_wpcf7_unit_tag\" value=\"wpcf7-f2343-o1\" \/><input type=\"hidden\" name=\"_wpcf7_container_post\" value=\"0\" \/><input type=\"hidden\" name=\"_wpcf7_posted_data_hash\" value=\"\" \/><input type=\"hidden\" name=\"_wpcf7_recaptcha_response\" value=\"\" \/>\n<\/fieldset>\n<div class=\"form_left\">\n    PR\u00c9NOM ET NOM*<br \/>\n    <span class=\"wpcf7-form-control-wrap\" data-name=\"nom\"><input size=\"40\" maxlength=\"400\" class=\"wpcf7-form-control wpcf7-text wpcf7-validates-as-required\" aria-required=\"true\" aria-invalid=\"false\" value=\"\" type=\"text\" name=\"nom\" \/><\/span>\n<\/div>\n<div class=\"form_right\">\n    COMPAGNIE<br \/>\n    <span class=\"wpcf7-form-control-wrap\" data-name=\"company\"><input size=\"40\" maxlength=\"400\" class=\"wpcf7-form-control wpcf7-text\" aria-invalid=\"false\" value=\"\" type=\"text\" name=\"company\" \/><\/span>\n<\/div>\n<div class=\"clear\"><\/div>\n<div class=\"form_left\">\n    T\u00c9L\u00c9PHONE*<br \/>\n    <span class=\"wpcf7-form-control-wrap\" data-name=\"telephone\"><input size=\"40\" maxlength=\"400\" class=\"wpcf7-form-control wpcf7-tel wpcf7-validates-as-required wpcf7-text wpcf7-validates-as-tel\" aria-required=\"true\" aria-invalid=\"false\" value=\"\" type=\"tel\" name=\"telephone\" \/><\/span>\n<\/div>\n<div class=\"form_right\">\n    ADRESSE COURRIEL*<br \/>\n    <span class=\"wpcf7-form-control-wrap\" data-name=\"courriel\"><input size=\"40\" maxlength=\"400\" class=\"wpcf7-form-control wpcf7-email wpcf7-validates-as-required wpcf7-text wpcf7-validates-as-email\" aria-required=\"true\" aria-invalid=\"false\" value=\"\" type=\"email\" name=\"courriel\" \/><\/span>\n<\/div>\n<div class=\"clear\"><\/div>\n<div class=\"form_full\">\n    MESSAGE*<br \/>\n    <span class=\"wpcf7-form-control-wrap\" data-name=\"message\"><textarea cols=\"40\" rows=\"10\" maxlength=\"2000\" class=\"wpcf7-form-control wpcf7-textarea wpcf7-validates-as-required\" aria-required=\"true\" aria-invalid=\"false\" name=\"message\"><\/textarea><\/span>\n<\/div>\n<div class=\"form_end\">\n<input class=\"wpcf7-form-control wpcf7-submit has-spinner\" type=\"submit\" value=\"ENVOYER\" \/><p class=\"small_text margB_3\">*CHAMPS OBLIGATOIRES<br><br>Ce site est prot\u00e9g\u00e9 par reCAPTCHA et la <a target=\"_blank\" href=\"https:\/\/policies.google.com\/privacy?hl=fr\">Politique de confidentialit\u00e9<\/a> et les <a target=\"_blank\" href=\"https:\/\/policies.google.com\/terms?hl=fr\">Conditions d'utilisation<\/a> de Google s'appliquent.<\/p>\n<\/div>\n<div class=\"clear\"><\/div><input type='hidden' class='wpcf7-pum' value='{\"closepopup\":false,\"closedelay\":0,\"openpopup\":false,\"openpopup_id\":0}' \/><div class=\"wpcf7-response-output\" aria-hidden=\"true\"><\/div>\n<\/form>\n<\/div>\n<\/p>\n<\/div><\/div><\/div><div id=\"pgc-2296-1-2\"  class=\"panel-grid-cell panel-grid-cell-empty\" ><\/div><\/div><\/div><\/div>","protected":false},"excerpt":{"rendered":"<p>PROGRAMME DE DISTRIBUTION DES STRUCTURES DE FRAPPES DE GOLF VIRTUEL SIMBOOTH AM\u00c9LIOREZ VOTRE JEU EN REJOIGNANT NOTRE PROGRAMME DE DISTRIBUTEURS. Vous cherchez un nouveau produit \u00e0 ajouter \u00e0 votre gamme? Rejoignez le r\u00e9seau de distributeurs SimBooth et augmentez vos revenus! S\u2019associer \u00e0 SimBooth, c\u2019est assurer le succ\u00e8s de votre entreprise. Profitez de structures de golf [&hellip;]<\/p>\n","protected":false},"author":1,"featured_media":0,"parent":0,"menu_order":0,"comment_status":"closed","ping_status":"closed","template":"page-distributor.php","meta":{"_acf_changed":false,"footnotes":""},"class_list":["post-2296","page","type-page","status-publish","hentry"],"acf":[],"yoast_head":"<!-- This site is optimized with the Yoast SEO plugin v27.3 - https:\/\/yoast.com\/product\/yoast-seo-wordpress\/ -->\n<title>SIMBOOTH GOLF SIMULATOR ENCLOSURES DISTRIBUTOR PROGRAM<\/title>\n<meta name=\"description\" content=\"Looking for a new product to swing into your line? Enjoy golf enclosures that are unique, durable, solid, professional-looking and easy to set up.\" \/>\n<meta name=\"robots\" content=\"index, follow, max-snippet:-1, max-image-preview:large, max-video-preview:-1\" \/>\n<link rel=\"canonical\" href=\"https:\/\/simbooth.com\/fr\/programme-de-distribution\/\" \/>\n<meta property=\"og:locale\" content=\"fr_FR\" \/>\n<meta property=\"og:type\" content=\"article\" \/>\n<meta property=\"og:title\" content=\"SIMBOOTH GOLF SIMULATOR ENCLOSURES DISTRIBUTOR PROGRAM\" \/>\n<meta property=\"og:description\" content=\"Looking for a new product to swing into your line? Enjoy golf enclosures that are unique, durable, solid, professional-looking and easy to set up.\" \/>\n<meta property=\"og:url\" content=\"https:\/\/simbooth.com\/fr\/programme-de-distribution\/\" \/>\n<meta property=\"og:site_name\" content=\"SimBooth\" \/>\n<meta property=\"article:modified_time\" content=\"2025-06-25T12:39:40+00:00\" \/>\n<meta property=\"og:image\" content=\"https:\/\/simbooth.com\/wp-content\/uploads\/2023\/10\/DistributorProgram-home-simulator.jpg\" \/>\n\t<meta property=\"og:image:width\" content=\"854\" \/>\n\t<meta property=\"og:image:height\" content=\"1194\" \/>\n\t<meta property=\"og:image:type\" content=\"image\/jpeg\" \/>\n<meta name=\"twitter:card\" content=\"summary_large_image\" \/>\n<meta name=\"twitter:label1\" content=\"Dur\u00e9e de lecture estim\u00e9e\" \/>\n\t<meta name=\"twitter:data1\" content=\"1 minute\" \/>\n<script type=\"application\/ld+json\" class=\"yoast-schema-graph\">{\"@context\":\"https:\\\/\\\/schema.org\",\"@graph\":[{\"@type\":\"WebPage\",\"@id\":\"https:\\\/\\\/simbooth.com\\\/fr\\\/programme-de-distribution\\\/\",\"url\":\"https:\\\/\\\/simbooth.com\\\/fr\\\/programme-de-distribution\\\/\",\"name\":\"SIMBOOTH GOLF SIMULATOR ENCLOSURES DISTRIBUTOR PROGRAM\",\"isPartOf\":{\"@id\":\"https:\\\/\\\/simbooth.com\\\/fr\\\/#website\"},\"primaryImageOfPage\":{\"@id\":\"https:\\\/\\\/simbooth.com\\\/fr\\\/programme-de-distribution\\\/#primaryimage\"},\"image\":{\"@id\":\"https:\\\/\\\/simbooth.com\\\/fr\\\/programme-de-distribution\\\/#primaryimage\"},\"thumbnailUrl\":\"https:\\\/\\\/simbooth.com\\\/wp-content\\\/uploads\\\/2023\\\/10\\\/DistributorProgram-home-simulator.jpg\",\"datePublished\":\"2023-10-16T16:53:23+00:00\",\"dateModified\":\"2025-06-25T12:39:40+00:00\",\"description\":\"Looking for a new product to swing into your line? Enjoy golf enclosures that are unique, durable, solid, professional-looking and easy to set up.\",\"breadcrumb\":{\"@id\":\"https:\\\/\\\/simbooth.com\\\/fr\\\/programme-de-distribution\\\/#breadcrumb\"},\"inLanguage\":\"fr-FR\",\"potentialAction\":[{\"@type\":\"ReadAction\",\"target\":[\"https:\\\/\\\/simbooth.com\\\/fr\\\/programme-de-distribution\\\/\"]}]},{\"@type\":\"ImageObject\",\"inLanguage\":\"fr-FR\",\"@id\":\"https:\\\/\\\/simbooth.com\\\/fr\\\/programme-de-distribution\\\/#primaryimage\",\"url\":\"https:\\\/\\\/simbooth.com\\\/wp-content\\\/uploads\\\/2023\\\/10\\\/DistributorProgram-home-simulator.jpg\",\"contentUrl\":\"https:\\\/\\\/simbooth.com\\\/wp-content\\\/uploads\\\/2023\\\/10\\\/DistributorProgram-home-simulator.jpg\"},{\"@type\":\"BreadcrumbList\",\"@id\":\"https:\\\/\\\/simbooth.com\\\/fr\\\/programme-de-distribution\\\/#breadcrumb\",\"itemListElement\":[{\"@type\":\"ListItem\",\"position\":1,\"name\":\"Home\",\"item\":\"https:\\\/\\\/simbooth.com\\\/fr\\\/\"},{\"@type\":\"ListItem\",\"position\":2,\"name\":\"Programme de Distribution\"}]},{\"@type\":\"WebSite\",\"@id\":\"https:\\\/\\\/simbooth.com\\\/fr\\\/#website\",\"url\":\"https:\\\/\\\/simbooth.com\\\/fr\\\/\",\"name\":\"SimBooth\",\"description\":\"\",\"publisher\":{\"@id\":\"https:\\\/\\\/simbooth.com\\\/fr\\\/#organization\"},\"potentialAction\":[{\"@type\":\"SearchAction\",\"target\":{\"@type\":\"EntryPoint\",\"urlTemplate\":\"https:\\\/\\\/simbooth.com\\\/fr\\\/?s={search_term_string}\"},\"query-input\":{\"@type\":\"PropertyValueSpecification\",\"valueRequired\":true,\"valueName\":\"search_term_string\"}}],\"inLanguage\":\"fr-FR\"},{\"@type\":\"Organization\",\"@id\":\"https:\\\/\\\/simbooth.com\\\/fr\\\/#organization\",\"name\":\"SimBooth\",\"url\":\"https:\\\/\\\/simbooth.com\\\/fr\\\/\",\"logo\":{\"@type\":\"ImageObject\",\"inLanguage\":\"fr-FR\",\"@id\":\"https:\\\/\\\/simbooth.com\\\/fr\\\/#\\\/schema\\\/logo\\\/image\\\/\",\"url\":\"https:\\\/\\\/simbooth.com\\\/wp-content\\\/uploads\\\/2020\\\/10\\\/cropped-icon.png\",\"contentUrl\":\"https:\\\/\\\/simbooth.com\\\/wp-content\\\/uploads\\\/2020\\\/10\\\/cropped-icon.png\",\"width\":512,\"height\":512,\"caption\":\"SimBooth\"},\"image\":{\"@id\":\"https:\\\/\\\/simbooth.com\\\/fr\\\/#\\\/schema\\\/logo\\\/image\\\/\"}}]}<\/script>\n<!-- \/ Yoast SEO plugin. -->","yoast_head_json":{"title":"SIMBOOTH GOLF SIMULATOR ENCLOSURES DISTRIBUTOR PROGRAM","description":"Looking for a new product to swing into your line? Enjoy golf enclosures that are unique, durable, solid, professional-looking and easy to set up.","robots":{"index":"index","follow":"follow","max-snippet":"max-snippet:-1","max-image-preview":"max-image-preview:large","max-video-preview":"max-video-preview:-1"},"canonical":"https:\/\/simbooth.com\/fr\/programme-de-distribution\/","og_locale":"fr_FR","og_type":"article","og_title":"SIMBOOTH GOLF SIMULATOR ENCLOSURES DISTRIBUTOR PROGRAM","og_description":"Looking for a new product to swing into your line? Enjoy golf enclosures that are unique, durable, solid, professional-looking and easy to set up.","og_url":"https:\/\/simbooth.com\/fr\/programme-de-distribution\/","og_site_name":"SimBooth","article_modified_time":"2025-06-25T12:39:40+00:00","og_image":[{"width":854,"height":1194,"url":"https:\/\/simbooth.com\/wp-content\/uploads\/2023\/10\/DistributorProgram-home-simulator.jpg","type":"image\/jpeg"}],"twitter_card":"summary_large_image","twitter_misc":{"Dur\u00e9e de lecture estim\u00e9e":"1 minute"},"schema":{"@context":"https:\/\/schema.org","@graph":[{"@type":"WebPage","@id":"https:\/\/simbooth.com\/fr\/programme-de-distribution\/","url":"https:\/\/simbooth.com\/fr\/programme-de-distribution\/","name":"SIMBOOTH GOLF SIMULATOR ENCLOSURES DISTRIBUTOR PROGRAM","isPartOf":{"@id":"https:\/\/simbooth.com\/fr\/#website"},"primaryImageOfPage":{"@id":"https:\/\/simbooth.com\/fr\/programme-de-distribution\/#primaryimage"},"image":{"@id":"https:\/\/simbooth.com\/fr\/programme-de-distribution\/#primaryimage"},"thumbnailUrl":"https:\/\/simbooth.com\/wp-content\/uploads\/2023\/10\/DistributorProgram-home-simulator.jpg","datePublished":"2023-10-16T16:53:23+00:00","dateModified":"2025-06-25T12:39:40+00:00","description":"Looking for a new product to swing into your line? Enjoy golf enclosures that are unique, durable, solid, professional-looking and easy to set up.","breadcrumb":{"@id":"https:\/\/simbooth.com\/fr\/programme-de-distribution\/#breadcrumb"},"inLanguage":"fr-FR","potentialAction":[{"@type":"ReadAction","target":["https:\/\/simbooth.com\/fr\/programme-de-distribution\/"]}]},{"@type":"ImageObject","inLanguage":"fr-FR","@id":"https:\/\/simbooth.com\/fr\/programme-de-distribution\/#primaryimage","url":"https:\/\/simbooth.com\/wp-content\/uploads\/2023\/10\/DistributorProgram-home-simulator.jpg","contentUrl":"https:\/\/simbooth.com\/wp-content\/uploads\/2023\/10\/DistributorProgram-home-simulator.jpg"},{"@type":"BreadcrumbList","@id":"https:\/\/simbooth.com\/fr\/programme-de-distribution\/#breadcrumb","itemListElement":[{"@type":"ListItem","position":1,"name":"Home","item":"https:\/\/simbooth.com\/fr\/"},{"@type":"ListItem","position":2,"name":"Programme de Distribution"}]},{"@type":"WebSite","@id":"https:\/\/simbooth.com\/fr\/#website","url":"https:\/\/simbooth.com\/fr\/","name":"SimBooth","description":"","publisher":{"@id":"https:\/\/simbooth.com\/fr\/#organization"},"potentialAction":[{"@type":"SearchAction","target":{"@type":"EntryPoint","urlTemplate":"https:\/\/simbooth.com\/fr\/?s={search_term_string}"},"query-input":{"@type":"PropertyValueSpecification","valueRequired":true,"valueName":"search_term_string"}}],"inLanguage":"fr-FR"},{"@type":"Organization","@id":"https:\/\/simbooth.com\/fr\/#organization","name":"SimBooth","url":"https:\/\/simbooth.com\/fr\/","logo":{"@type":"ImageObject","inLanguage":"fr-FR","@id":"https:\/\/simbooth.com\/fr\/#\/schema\/logo\/image\/","url":"https:\/\/simbooth.com\/wp-content\/uploads\/2020\/10\/cropped-icon.png","contentUrl":"https:\/\/simbooth.com\/wp-content\/uploads\/2020\/10\/cropped-icon.png","width":512,"height":512,"caption":"SimBooth"},"image":{"@id":"https:\/\/simbooth.com\/fr\/#\/schema\/logo\/image\/"}}]}},"_links":{"self":[{"href":"https:\/\/simbooth.com\/fr\/wp-json\/wp\/v2\/pages\/2296","targetHints":{"allow":["GET"]}}],"collection":[{"href":"https:\/\/simbooth.com\/fr\/wp-json\/wp\/v2\/pages"}],"about":[{"href":"https:\/\/simbooth.com\/fr\/wp-json\/wp\/v2\/types\/page"}],"author":[{"embeddable":true,"href":"https:\/\/simbooth.com\/fr\/wp-json\/wp\/v2\/users\/1"}],"replies":[{"embeddable":true,"href":"https:\/\/simbooth.com\/fr\/wp-json\/wp\/v2\/comments?post=2296"}],"version-history":[{"count":6,"href":"https:\/\/simbooth.com\/fr\/wp-json\/wp\/v2\/pages\/2296\/revisions"}],"predecessor-version":[{"id":2560,"href":"https:\/\/simbooth.com\/fr\/wp-json\/wp\/v2\/pages\/2296\/revisions\/2560"}],"wp:attachment":[{"href":"https:\/\/simbooth.com\/fr\/wp-json\/wp\/v2\/media?parent=2296"}],"curies":[{"name":"wp","href":"https:\/\/api.w.org\/{rel}","templated":true}]}}