{"id":2290,"date":"2024-09-04T16:48:16","date_gmt":"2024-09-04T20:48:16","guid":{"rendered":"https:\/\/simbooth.com\/?page_id=2290"},"modified":"2025-09-05T12:31:07","modified_gmt":"2025-09-05T16:31:07","slug":"simbooth-kit-3","status":"publish","type":"page","link":"https:\/\/simbooth.com\/fr\/simbooth-kit\/simbooth-kit-3\/","title":{"rendered":"SimBooth Kit part 3"},"content":{"rendered":"<div id=\"pl-2290\"  class=\"panel-layout\" ><div id=\"pg-2290-0\"  class=\"panel-grid panel-has-style\" ><div class=\"row_spacing v_line_center panel-row-style panel-row-style-for-2290-0\" ><div id=\"pgc-2290-0-0\"  class=\"panel-grid-cell panel-grid-cell-empty\" ><\/div><div id=\"pgc-2290-0-1\"  class=\"panel-grid-cell\" ><div id=\"panel-2290-0-1-0\" class=\"so-panel widget widget_black-studio-tinymce widget_black_studio_tinymce panel-first-child panel-last-child\" data-index=\"0\" ><div class=\"textwidget\"><p style=\"text-align: center;\"><img loading=\"lazy\" decoding=\"async\" class=\"alignnone size-full wp-image-1095\" src=\"https:\/\/simbooth.com\/wp-content\/uploads\/2025\/07\/Untitled-design-32.png\" alt=\"TOP QUALITY PROJECTOR\" width=\"1237\" height=\"700\" \/><\/p>\n<\/div><\/div><\/div><div id=\"pgc-2290-0-2\"  class=\"panel-grid-cell panel-grid-cell-empty\" ><\/div><div id=\"pgc-2290-0-3\"  class=\"panel-grid-cell panel-grid-cell-mobile-last\" ><div id=\"panel-2290-0-3-0\" class=\"so-panel widget widget_black-studio-tinymce widget_black_studio_tinymce panel-first-child panel-last-child\" data-index=\"1\" ><div class=\"textwidget\"><h3 class=\"mb-3\"><strong>PROJECTEUR DE QUALIT\u00c9 SUP\u00c9RIEURE<\/strong><\/h3>\n<\/div><\/div><\/div><div id=\"pgc-2290-0-4\"  class=\"panel-grid-cell panel-grid-cell-empty\" ><\/div><\/div><\/div><div id=\"pg-2290-1\"  class=\"panel-grid panel-has-style\" ><div class=\"siteorigin-panels-stretch panel-row-style panel-row-style-for-2290-1\" data-stretch-type=\"full\" ><div id=\"pgc-2290-1-0\"  class=\"panel-grid-cell panel-grid-cell-empty\" ><\/div><div id=\"pgc-2290-1-1\"  class=\"panel-grid-cell\" ><div id=\"panel-2290-1-1-0\" class=\"so-panel widget widget_black-studio-tinymce widget_black_studio_tinymce panel-first-child panel-last-child\" data-index=\"2\" ><div class=\"textwidget\"><h4>Projecteur FULL HD LED ou Laser 4K avec support \u00e0 projecteur<\/h4>\n<p>Profitez d\u2019une installation simplifi\u00e9e et d\u2019images immersives avec les projecteurs BenQ pour simulateurs de golf. Choisissez entre deux mod\u00e8les: l\u2019AH30ST offre des performances Full HD lumineuses avec des couleurs vives et calibr\u00e9es, tandis que l\u2019AK700ST va plus loin avec une superbe r\u00e9solution 4K et une calibration simplifi\u00e9e unique. Les deux mod\u00e8les sont optimis\u00e9s pour les simulateurs de golf et donnent vie \u00e0 des parcours de classe mondiale, \u00e0 la maison comme en milieu commercial.<\/p>\n<\/div><\/div><\/div><div id=\"pgc-2290-1-2\"  class=\"panel-grid-cell panel-grid-cell-empty\" ><\/div><div id=\"pgc-2290-1-3\"  class=\"panel-grid-cell panel-grid-cell-empty panel-grid-cell-mobile-last\" ><\/div><div id=\"pgc-2290-1-4\"  class=\"panel-grid-cell panel-grid-cell-empty\" ><\/div><\/div><\/div><div id=\"pg-2290-2\"  class=\"panel-grid panel-has-style\" ><div class=\"row_spacing panel-row-style panel-row-style-for-2290-2\" ><div id=\"pgc-2290-2-0\"  class=\"panel-grid-cell panel-grid-cell-empty\" ><\/div><div id=\"pgc-2290-2-1\"  class=\"panel-grid-cell panel-grid-cell-mobile-last\" ><div id=\"panel-2290-2-1-0\" class=\"so-panel widget widget_black-studio-tinymce widget_black_studio_tinymce panel-first-child panel-last-child\" data-index=\"3\" ><div class=\"textwidget\"><h4>Emplacement du projecteur<\/h4>\n<p>Vous pouvez installer le projecteur au plafond ou directement sur la structure. Choisissez le plan d\u2019installation de votre choix pour voir le positionnement appropri\u00e9.<\/p>\n<\/div><\/div><\/div><div id=\"pgc-2290-2-2\"  class=\"panel-grid-cell panel-grid-cell-empty\" ><\/div><\/div><\/div><div id=\"pg-2290-3\"  class=\"panel-grid panel-has-style\" ><div class=\"siteorigin-panels-stretch panel-row-style panel-row-style-for-2290-3\" data-stretch-type=\"full\" ><div id=\"pgc-2290-3-0\"  class=\"panel-grid-cell panel-grid-cell-empty\" ><\/div><div id=\"pgc-2290-3-1\"  class=\"panel-grid-cell\" ><div id=\"panel-2290-3-1-0\" class=\"so-panel widget widget_black-studio-tinymce widget_black_studio_tinymce panel-first-child panel-last-child\" data-index=\"4\" ><div class=\"textwidget\"><h4><strong>SimBooth Kit 1<\/strong><\/h4>\n<p><a class=\"link_pdf\" href=\"https:\/\/simbooth.com\/wp-content\/uploads\/2025\/09\/SB-Kit-1-Position-Projecteur.pdf\" target=\"_blank\" rel=\"noopener\">Voir positions projecteur<\/a><\/p>\n<\/div><\/div><\/div><div id=\"pgc-2290-3-2\"  class=\"panel-grid-cell panel-grid-cell-empty\" ><\/div><div id=\"pgc-2290-3-3\"  class=\"panel-grid-cell panel-grid-cell-mobile-last\" ><div id=\"panel-2290-3-3-0\" class=\"so-panel widget widget_black-studio-tinymce widget_black_studio_tinymce panel-first-child panel-last-child\" data-index=\"5\" ><div class=\"textwidget\"><h4><strong>SimBooth Kit 2<\/strong><\/h4>\n<p><a class=\"link_pdf\" href=\"https:\/\/simbooth.com\/wp-content\/uploads\/2025\/09\/SB-Kit-2-Position-Projecteur.pdf\" target=\"_blank\" rel=\"noopener\">Voir positions projecteur<\/a><\/p>\n<\/div><\/div><\/div><div id=\"pgc-2290-3-4\"  class=\"panel-grid-cell panel-grid-cell-empty\" ><\/div><\/div><\/div><div id=\"pg-2290-4\"  class=\"panel-grid panel-has-style\" ><div class=\"row_spacing v_line_center panel-row-style panel-row-style-for-2290-4\" ><div id=\"pgc-2290-4-0\"  class=\"panel-grid-cell panel-grid-cell-empty\" ><\/div><div id=\"pgc-2290-4-1\"  class=\"panel-grid-cell\" ><div id=\"panel-2290-4-1-0\" class=\"so-panel widget widget_black-studio-tinymce widget_black_studio_tinymce panel-first-child panel-last-child\" data-index=\"6\" ><div class=\"textwidget\"><p style=\"text-align: center;\"><img loading=\"lazy\" decoding=\"async\" src=\"https:\/\/simbooth.com\/wp-content\/uploads\/2024\/09\/Solid-Golf-Enclosure.jpg\" alt=\"Solid-Golf-Enclosure\" width=\"1271\" height=\"847\" class=\"alignnone size-full wp-image-1114\" \/><\/p>\n<\/div><\/div><\/div><div id=\"pgc-2290-4-2\"  class=\"panel-grid-cell panel-grid-cell-empty\" ><\/div><div id=\"pgc-2290-4-3\"  class=\"panel-grid-cell panel-grid-cell-mobile-last\" ><div id=\"panel-2290-4-3-0\" class=\"so-panel widget widget_black-studio-tinymce widget_black_studio_tinymce panel-first-child panel-last-child\" data-index=\"7\" ><div class=\"textwidget\"><h3 class=\"mb-3\">SOLID GOLF ENCLOSURE STRUCTURE<\/h3>\n<p>Primarily made of aluminum, our structures are light, robust, durable, and aesthetic. With a full surface floor, solid panels, and crease-free screen, you don't have to compromise to get the best golf simulator experience.<\/p>\n<\/div><\/div><\/div><div id=\"pgc-2290-4-4\"  class=\"panel-grid-cell panel-grid-cell-empty\" ><\/div><\/div><\/div><\/div>","protected":false},"excerpt":{"rendered":"<p>PROJECTEUR DE QUALIT\u00c9 SUP\u00c9RIEURE Projecteur FULL HD LED ou Laser 4K avec support \u00e0 projecteur Profitez d\u2019une installation simplifi\u00e9e et d\u2019images immersives avec les projecteurs BenQ pour simulateurs de golf. Choisissez entre deux mod\u00e8les: l\u2019AH30ST offre des performances Full HD lumineuses avec des couleurs vives et calibr\u00e9es, tandis que l\u2019AK700ST va plus loin avec une [&hellip;]<\/p>\n","protected":false},"author":1,"featured_media":0,"parent":2284,"menu_order":5,"comment_status":"closed","ping_status":"closed","template":"","meta":{"_acf_changed":false,"footnotes":""},"class_list":["post-2290","page","type-page","status-publish","hentry"],"acf":[],"yoast_head":"<!-- This site is optimized with the Yoast SEO plugin v27.5 - https:\/\/yoast.com\/product\/yoast-seo-wordpress\/ -->\n<title>SimBooth Kit part 3 - SimBooth<\/title>\n<meta name=\"robots\" content=\"index, follow, max-snippet:-1, max-image-preview:large, max-video-preview:-1\" \/>\n<link rel=\"canonical\" href=\"https:\/\/simbooth.com\/fr\/simbooth-kit\/simbooth-kit-3\/\" \/>\n<meta property=\"og:locale\" content=\"fr_FR\" \/>\n<meta property=\"og:type\" content=\"article\" \/>\n<meta property=\"og:title\" content=\"SimBooth Kit part 3 - SimBooth\" \/>\n<meta property=\"og:description\" content=\"PROJECTEUR DE QUALIT\u00c9 SUP\u00c9RIEURE Projecteur FULL HD LED ou Laser 4K avec support \u00e0 projecteur Profitez d\u2019une installation simplifi\u00e9e et d\u2019images immersives avec les projecteurs BenQ pour simulateurs de golf. Choisissez entre deux mod\u00e8les: l\u2019AH30ST offre des performances Full HD lumineuses avec des couleurs vives et calibr\u00e9es, tandis que l\u2019AK700ST va plus loin avec une [&hellip;]\" \/>\n<meta property=\"og:url\" content=\"https:\/\/simbooth.com\/fr\/simbooth-kit\/simbooth-kit-3\/\" \/>\n<meta property=\"og:site_name\" content=\"SimBooth\" \/>\n<meta property=\"article:modified_time\" content=\"2025-09-05T16:31:07+00:00\" \/>\n<meta property=\"og:image\" content=\"https:\/\/simbooth.com\/wp-content\/uploads\/2020\/10\/facebook_share.png\" \/>\n\t<meta property=\"og:image:width\" content=\"1200\" \/>\n\t<meta property=\"og:image:height\" content=\"628\" \/>\n\t<meta property=\"og:image:type\" content=\"image\/png\" \/>\n<meta name=\"twitter:card\" content=\"summary_large_image\" \/>\n<meta name=\"twitter:label1\" content=\"Dur\u00e9e de lecture estim\u00e9e\" \/>\n\t<meta name=\"twitter:data1\" content=\"2 minutes\" \/>\n<script type=\"application\/ld+json\" class=\"yoast-schema-graph\">{\"@context\":\"https:\\\/\\\/schema.org\",\"@graph\":[{\"@type\":\"WebPage\",\"@id\":\"https:\\\/\\\/simbooth.com\\\/fr\\\/simbooth-kit\\\/simbooth-kit-3\\\/\",\"url\":\"https:\\\/\\\/simbooth.com\\\/fr\\\/simbooth-kit\\\/simbooth-kit-3\\\/\",\"name\":\"SimBooth Kit part 3 - SimBooth\",\"isPartOf\":{\"@id\":\"https:\\\/\\\/simbooth.com\\\/fr\\\/#website\"},\"primaryImageOfPage\":{\"@id\":\"https:\\\/\\\/simbooth.com\\\/fr\\\/simbooth-kit\\\/simbooth-kit-3\\\/#primaryimage\"},\"image\":{\"@id\":\"https:\\\/\\\/simbooth.com\\\/fr\\\/simbooth-kit\\\/simbooth-kit-3\\\/#primaryimage\"},\"thumbnailUrl\":\"https:\\\/\\\/simbooth.com\\\/wp-content\\\/uploads\\\/2025\\\/07\\\/Untitled-design-32.png\",\"datePublished\":\"2024-09-04T20:48:16+00:00\",\"dateModified\":\"2025-09-05T16:31:07+00:00\",\"breadcrumb\":{\"@id\":\"https:\\\/\\\/simbooth.com\\\/fr\\\/simbooth-kit\\\/simbooth-kit-3\\\/#breadcrumb\"},\"inLanguage\":\"fr-FR\",\"potentialAction\":[{\"@type\":\"ReadAction\",\"target\":[\"https:\\\/\\\/simbooth.com\\\/fr\\\/simbooth-kit\\\/simbooth-kit-3\\\/\"]}]},{\"@type\":\"ImageObject\",\"inLanguage\":\"fr-FR\",\"@id\":\"https:\\\/\\\/simbooth.com\\\/fr\\\/simbooth-kit\\\/simbooth-kit-3\\\/#primaryimage\",\"url\":\"https:\\\/\\\/simbooth.com\\\/wp-content\\\/uploads\\\/2025\\\/07\\\/Untitled-design-32.png\",\"contentUrl\":\"https:\\\/\\\/simbooth.com\\\/wp-content\\\/uploads\\\/2025\\\/07\\\/Untitled-design-32.png\"},{\"@type\":\"BreadcrumbList\",\"@id\":\"https:\\\/\\\/simbooth.com\\\/fr\\\/simbooth-kit\\\/simbooth-kit-3\\\/#breadcrumb\",\"itemListElement\":[{\"@type\":\"ListItem\",\"position\":1,\"name\":\"Home\",\"item\":\"https:\\\/\\\/simbooth.com\\\/fr\\\/\"},{\"@type\":\"ListItem\",\"position\":2,\"name\":\"SimBooth Kit\",\"item\":\"https:\\\/\\\/simbooth.com\\\/fr\\\/simbooth-kit\\\/\"},{\"@type\":\"ListItem\",\"position\":3,\"name\":\"SimBooth Kit part 3\"}]},{\"@type\":\"WebSite\",\"@id\":\"https:\\\/\\\/simbooth.com\\\/fr\\\/#website\",\"url\":\"https:\\\/\\\/simbooth.com\\\/fr\\\/\",\"name\":\"SimBooth\",\"description\":\"\",\"publisher\":{\"@id\":\"https:\\\/\\\/simbooth.com\\\/fr\\\/#organization\"},\"potentialAction\":[{\"@type\":\"SearchAction\",\"target\":{\"@type\":\"EntryPoint\",\"urlTemplate\":\"https:\\\/\\\/simbooth.com\\\/fr\\\/?s={search_term_string}\"},\"query-input\":{\"@type\":\"PropertyValueSpecification\",\"valueRequired\":true,\"valueName\":\"search_term_string\"}}],\"inLanguage\":\"fr-FR\"},{\"@type\":\"Organization\",\"@id\":\"https:\\\/\\\/simbooth.com\\\/fr\\\/#organization\",\"name\":\"SimBooth\",\"url\":\"https:\\\/\\\/simbooth.com\\\/fr\\\/\",\"logo\":{\"@type\":\"ImageObject\",\"inLanguage\":\"fr-FR\",\"@id\":\"https:\\\/\\\/simbooth.com\\\/fr\\\/#\\\/schema\\\/logo\\\/image\\\/\",\"url\":\"https:\\\/\\\/simbooth.com\\\/wp-content\\\/uploads\\\/2020\\\/10\\\/cropped-icon.png\",\"contentUrl\":\"https:\\\/\\\/simbooth.com\\\/wp-content\\\/uploads\\\/2020\\\/10\\\/cropped-icon.png\",\"width\":512,\"height\":512,\"caption\":\"SimBooth\"},\"image\":{\"@id\":\"https:\\\/\\\/simbooth.com\\\/fr\\\/#\\\/schema\\\/logo\\\/image\\\/\"}}]}<\/script>\n<!-- \/ Yoast SEO plugin. -->","yoast_head_json":{"title":"SimBooth Kit part 3 - SimBooth","robots":{"index":"index","follow":"follow","max-snippet":"max-snippet:-1","max-image-preview":"max-image-preview:large","max-video-preview":"max-video-preview:-1"},"canonical":"https:\/\/simbooth.com\/fr\/simbooth-kit\/simbooth-kit-3\/","og_locale":"fr_FR","og_type":"article","og_title":"SimBooth Kit part 3 - SimBooth","og_description":"PROJECTEUR DE QUALIT\u00c9 SUP\u00c9RIEURE Projecteur FULL HD LED ou Laser 4K avec support \u00e0 projecteur Profitez d\u2019une installation simplifi\u00e9e et d\u2019images immersives avec les projecteurs BenQ pour simulateurs de golf. Choisissez entre deux mod\u00e8les: l\u2019AH30ST offre des performances Full HD lumineuses avec des couleurs vives et calibr\u00e9es, tandis que l\u2019AK700ST va plus loin avec une [&hellip;]","og_url":"https:\/\/simbooth.com\/fr\/simbooth-kit\/simbooth-kit-3\/","og_site_name":"SimBooth","article_modified_time":"2025-09-05T16:31:07+00:00","og_image":[{"width":1200,"height":628,"url":"https:\/\/simbooth.com\/wp-content\/uploads\/2020\/10\/facebook_share.png","type":"image\/png"}],"twitter_card":"summary_large_image","twitter_misc":{"Dur\u00e9e de lecture estim\u00e9e":"2 minutes"},"schema":{"@context":"https:\/\/schema.org","@graph":[{"@type":"WebPage","@id":"https:\/\/simbooth.com\/fr\/simbooth-kit\/simbooth-kit-3\/","url":"https:\/\/simbooth.com\/fr\/simbooth-kit\/simbooth-kit-3\/","name":"SimBooth Kit part 3 - SimBooth","isPartOf":{"@id":"https:\/\/simbooth.com\/fr\/#website"},"primaryImageOfPage":{"@id":"https:\/\/simbooth.com\/fr\/simbooth-kit\/simbooth-kit-3\/#primaryimage"},"image":{"@id":"https:\/\/simbooth.com\/fr\/simbooth-kit\/simbooth-kit-3\/#primaryimage"},"thumbnailUrl":"https:\/\/simbooth.com\/wp-content\/uploads\/2025\/07\/Untitled-design-32.png","datePublished":"2024-09-04T20:48:16+00:00","dateModified":"2025-09-05T16:31:07+00:00","breadcrumb":{"@id":"https:\/\/simbooth.com\/fr\/simbooth-kit\/simbooth-kit-3\/#breadcrumb"},"inLanguage":"fr-FR","potentialAction":[{"@type":"ReadAction","target":["https:\/\/simbooth.com\/fr\/simbooth-kit\/simbooth-kit-3\/"]}]},{"@type":"ImageObject","inLanguage":"fr-FR","@id":"https:\/\/simbooth.com\/fr\/simbooth-kit\/simbooth-kit-3\/#primaryimage","url":"https:\/\/simbooth.com\/wp-content\/uploads\/2025\/07\/Untitled-design-32.png","contentUrl":"https:\/\/simbooth.com\/wp-content\/uploads\/2025\/07\/Untitled-design-32.png"},{"@type":"BreadcrumbList","@id":"https:\/\/simbooth.com\/fr\/simbooth-kit\/simbooth-kit-3\/#breadcrumb","itemListElement":[{"@type":"ListItem","position":1,"name":"Home","item":"https:\/\/simbooth.com\/fr\/"},{"@type":"ListItem","position":2,"name":"SimBooth Kit","item":"https:\/\/simbooth.com\/fr\/simbooth-kit\/"},{"@type":"ListItem","position":3,"name":"SimBooth Kit part 3"}]},{"@type":"WebSite","@id":"https:\/\/simbooth.com\/fr\/#website","url":"https:\/\/simbooth.com\/fr\/","name":"SimBooth","description":"","publisher":{"@id":"https:\/\/simbooth.com\/fr\/#organization"},"potentialAction":[{"@type":"SearchAction","target":{"@type":"EntryPoint","urlTemplate":"https:\/\/simbooth.com\/fr\/?s={search_term_string}"},"query-input":{"@type":"PropertyValueSpecification","valueRequired":true,"valueName":"search_term_string"}}],"inLanguage":"fr-FR"},{"@type":"Organization","@id":"https:\/\/simbooth.com\/fr\/#organization","name":"SimBooth","url":"https:\/\/simbooth.com\/fr\/","logo":{"@type":"ImageObject","inLanguage":"fr-FR","@id":"https:\/\/simbooth.com\/fr\/#\/schema\/logo\/image\/","url":"https:\/\/simbooth.com\/wp-content\/uploads\/2020\/10\/cropped-icon.png","contentUrl":"https:\/\/simbooth.com\/wp-content\/uploads\/2020\/10\/cropped-icon.png","width":512,"height":512,"caption":"SimBooth"},"image":{"@id":"https:\/\/simbooth.com\/fr\/#\/schema\/logo\/image\/"}}]}},"_links":{"self":[{"href":"https:\/\/simbooth.com\/fr\/wp-json\/wp\/v2\/pages\/2290","targetHints":{"allow":["GET"]}}],"collection":[{"href":"https:\/\/simbooth.com\/fr\/wp-json\/wp\/v2\/pages"}],"about":[{"href":"https:\/\/simbooth.com\/fr\/wp-json\/wp\/v2\/types\/page"}],"author":[{"embeddable":true,"href":"https:\/\/simbooth.com\/fr\/wp-json\/wp\/v2\/users\/1"}],"replies":[{"embeddable":true,"href":"https:\/\/simbooth.com\/fr\/wp-json\/wp\/v2\/comments?post=2290"}],"version-history":[{"count":8,"href":"https:\/\/simbooth.com\/fr\/wp-json\/wp\/v2\/pages\/2290\/revisions"}],"predecessor-version":[{"id":2789,"href":"https:\/\/simbooth.com\/fr\/wp-json\/wp\/v2\/pages\/2290\/revisions\/2789"}],"up":[{"embeddable":true,"href":"https:\/\/simbooth.com\/fr\/wp-json\/wp\/v2\/pages\/2284"}],"wp:attachment":[{"href":"https:\/\/simbooth.com\/fr\/wp-json\/wp\/v2\/media?parent=2290"}],"curies":[{"name":"wp","href":"https:\/\/api.w.org\/{rel}","templated":true}]}}